{"id":12,"date":"2017-09-20T17:06:29","date_gmt":"2017-09-20T17:06:29","guid":{"rendered":"https:\/\/ksarsaid.net\/?page_id=12"},"modified":"2025-08-25T13:49:49","modified_gmt":"2025-08-25T12:49:49","slug":"home-page","status":"publish","type":"page","link":"https:\/\/ksarsaid.net\/fr\/","title":{"rendered":"Home Page"},"content":{"rendered":"<div class=\"wpb-content-wrapper\"><p>[vc_row row_type=\u00a0\u00bbparallax\u00a0\u00bb parallax_content_width=\u00a0\u00bbfull_width\u00a0\u00bb text_align=\u00a0\u00bbcenter\u00a0\u00bb full_screen_section_height=\u00a0\u00bbno\u00a0\u00bb][vc_column][layerslider_vc id=\u00a0\u00bb15&Prime;][\/vc_column][\/vc_row][vc_row css_animation=\u00a0\u00bb\u00a0\u00bb row_type=\u00a0\u00bbrow\u00a0\u00bb use_row_as_full_screen_section=\u00a0\u00bbno\u00a0\u00bb type=\u00a0\u00bbgrid\u00a0\u00bb anchor=\u00a0\u00bbmissions\u00a0\u00bb angled_section=\u00a0\u00bbno\u00a0\u00bb text_align=\u00a0\u00bbleft\u00a0\u00bb background_image_as_pattern=\u00a0\u00bbwithout_pattern\u00a0\u00bb z_index=\u00a0\u00bb\u00a0\u00bb][vc_column][vc_empty_space][vc_column_text]<\/p>\n<h2 style=\"text-align: left;\">PR\u00caT \u00c0 EXPLORER LE PALAIS?<\/h2>\n<p style=\"text-align: left;\">Bienvenue au Palais Ksar Said! Avant de passer la porte d&rsquo;entr\u00e9e, vous devez choisir une mission. Il y a cinq missions diff\u00e9rentes. Les missions devraient vous aider \u00e0 comprendre comment l&rsquo;histoire de la Tunisie a affect\u00e9 votre vie. Lorsque vous travaillez sur une mission, vous devrez marcher autour du palais pour trouver des points chauds. Les hotspots ont des informations pour vous aider.<\/p>\n<p>[\/vc_column_text][vc_empty_space][\/vc_column][\/vc_row][vc_row css_animation=\u00a0\u00bb\u00a0\u00bb row_type=\u00a0\u00bbrow\u00a0\u00bb use_row_as_full_screen_section=\u00a0\u00bbno\u00a0\u00bb type=\u00a0\u00bbgrid\u00a0\u00bb angled_section=\u00a0\u00bbno\u00a0\u00bb text_align=\u00a0\u00bbleft\u00a0\u00bb background_image_as_pattern=\u00a0\u00bbwithout_pattern\u00a0\u00bb z_index=\u00a0\u00bb\u00a0\u00bb][vc_column css_animation=\u00a0\u00bbfadeInLeft\u00a0\u00bb width=\u00a0\u00bb1\/2&Prime; el_class=\u00a0\u00bbhome-page-mission-image\u00a0\u00bb][vc_column_text]<\/p>\n<h1 style=\"text-align: right;\">Missions<\/h1>\n<p style=\"text-align: right;\">Choisissez une mission pour en savoir plus sur votre patrimoine! Mais soyez pr\u00eat \u00e0 penser. Vous ne pouvez pas terminer les missions \u00e0 moins que vous ne le fassiez<\/p>\n<p style=\"text-align: right;\"><a  itemprop=\"url\" href=\"\/fr\/missions\/\" target=\"_self\"  class=\"qbutton  medium default\" style=\"\">Partez en Mission<\/a><\/p>\n<p>[\/vc_column_text][\/vc_column][vc_column css_animation=\u00a0\u00bbfadeInRight\u00a0\u00bb width=\u00a0\u00bb1\/2&Prime; css=\u00a0\u00bb.vc_custom_1516814166205{border-left-width: 2px !important;border-radius: 2px !important;}\u00a0\u00bb][vc_single_image image=\u00a0\u00bb405&Prime; img_size=\u00a0\u00bb524&#215;286&Prime; alignment=\u00a0\u00bbright\u00a0\u00bb style=\u00a0\u00bbvc_box_shadow\u00a0\u00bb onclick=\u00a0\u00bbcustom_link\u00a0\u00bb qode_css_animation=\u00a0\u00bbelement_from_fade\u00a0\u00bb qode_hover_animation=\u00a0\u00bbzoom_in\u00a0\u00bb link=\u00a0\u00bb\/missions\/\u00a0\u00bb][\/vc_column][\/vc_row][vc_row css_animation=\u00a0\u00bb\u00a0\u00bb row_type=\u00a0\u00bbrow\u00a0\u00bb use_row_as_full_screen_section=\u00a0\u00bbno\u00a0\u00bb type=\u00a0\u00bbfull_width\u00a0\u00bb angled_section=\u00a0\u00bbno\u00a0\u00bb text_align=\u00a0\u00bbleft\u00a0\u00bb background_image_as_pattern=\u00a0\u00bbwithout_pattern\u00a0\u00bb][vc_column][vc_empty_space][\/vc_column][\/vc_row][vc_row css_animation=\u00a0\u00bb\u00a0\u00bb row_type=\u00a0\u00bbrow\u00a0\u00bb use_row_as_full_screen_section=\u00a0\u00bbno\u00a0\u00bb type=\u00a0\u00bbgrid\u00a0\u00bb angled_section=\u00a0\u00bbno\u00a0\u00bb text_align=\u00a0\u00bbleft\u00a0\u00bb background_image_as_pattern=\u00a0\u00bbwithout_pattern\u00a0\u00bb z_index=\u00a0\u00bb\u00a0\u00bb][vc_column][vc_empty_space][vc_separator type=\u00a0\u00bbnormal\u00a0\u00bb color=\u00a0\u00bbrgba(5,5,5,0.37)\u00a0\u00bb][vc_empty_space][\/vc_column][\/vc_row][vc_row css_animation=\u00a0\u00bb\u00a0\u00bb row_type=\u00a0\u00bbrow\u00a0\u00bb use_row_as_full_screen_section=\u00a0\u00bbno\u00a0\u00bb type=\u00a0\u00bbgrid\u00a0\u00bb anchor=\u00a0\u00bbteachers\u00a0\u00bb angled_section=\u00a0\u00bbno\u00a0\u00bb text_align=\u00a0\u00bbleft\u00a0\u00bb background_image_as_pattern=\u00a0\u00bbwithout_pattern\u00a0\u00bb z_index=\u00a0\u00bb\u00a0\u00bb][vc_column css_animation=\u00a0\u00bbfadeInLeft\u00a0\u00bb width=\u00a0\u00bb1\/2&Prime;][vc_single_image image=\u00a0\u00bb578&Prime; img_size=\u00a0\u00bb524&#215;286&Prime; qode_css_animation=\u00a0\u00bb\u00a0\u00bb][\/vc_column][vc_column css_animation=\u00a0\u00bbfadeInRight\u00a0\u00bb width=\u00a0\u00bb1\/2&Prime;][vc_column_text]<\/p>\n<h2 style=\"text-align: left;\">Ressources pour les Enseignants<\/h2>\n<p style=\"text-align: left;\">Cette section est pour les enseignants. Il contient des notes sur le th\u00e8me de chaque mission. Il contient \u00e9galement des m\u00e9moires sur la pens\u00e9e historique, sur laquelle les missions sont bas\u00e9es.<\/p>\n<p>[\/vc_column_text][vc_empty_space]<a  itemprop=\"url\" href=\"\/fr\/resources\/\" target=\"_self\"  class=\"qbutton  medium center default\" style=\"border-radius: 5pxpx;-moz-border-radius: 5pxpx;-webkit-border-radius: 5pxpx; \">EN SAVOIR PLUS<\/a>[\/vc_column][\/vc_row][vc_row css_animation=\u00a0\u00bb\u00a0\u00bb row_type=\u00a0\u00bbrow\u00a0\u00bb use_row_as_full_screen_section=\u00a0\u00bbno\u00a0\u00bb type=\u00a0\u00bbfull_width\u00a0\u00bb angled_section=\u00a0\u00bbno\u00a0\u00bb text_align=\u00a0\u00bbleft\u00a0\u00bb background_image_as_pattern=\u00a0\u00bbwithout_pattern\u00a0\u00bb][vc_column][vc_empty_space][\/vc_column][\/vc_row][vc_row row_type=\u00a0\u00bbparallax\u00a0\u00bb parallax_content_width=\u00a0\u00bbfull_width\u00a0\u00bb anchor=\u00a0\u00bbteam\u00a0\u00bb text_align=\u00a0\u00bbcenter\u00a0\u00bb background_image=\u00a0\u00bb366&Prime; full_screen_section_height=\u00a0\u00bbno\u00a0\u00bb section_height=\u00a0\u00bb648px\u00a0\u00bb][vc_column parallax=\u00a0\u00bbcontent-moving\u00a0\u00bb css_animation=\u00a0\u00bbfadeIn\u00a0\u00bb]<div class=\"call_to_action normal\" style=\"background-color: rgba(255,255,255,0.01);padding-top: 200px;padding-bottom: 200px;\"><div class=\"container_inner\"><div class=\"two_columns_75_25 clearfix\"><div class=\"text_wrapper column1\"><div class=\"call_to_action_text  font_weight_inherit\" style=\"font-weight: 400;\">\n<h2 style=\"text-align: center;\"><span style=\"color: #ffffff;\">APPORTER LE PALAIS KSAR A LA VIE<\/span><\/h2>\n<p style=\"text-align: center;\">Le projet de faire vivre le Palais Ksar Sa\u00efd se poursuit depuis quelques ann\u00e9es et a r\u00e9uni des gens du monde entier &#8230;<\/p>\n<\/div><\/div><div class=\"button_wrapper column2\"><a itemprop=\"url\" href=\"\/fr\/about\/\" class=\"qbutton white medium\" target=\"_self\" style=\"color: #ffffff;\">EN SAVOIR PLUS<\/a><\/div><\/div><\/div><\/div>[\/vc_column][\/vc_row]<\/p>\n<\/div>","protected":false},"excerpt":{"rendered":"<p>[vc_row row_type=\u00a0\u00bbparallax\u00a0\u00bb parallax_content_width=\u00a0\u00bbfull_width\u00a0\u00bb text_align=\u00a0\u00bbcenter\u00a0\u00bb full_screen_section_height=\u00a0\u00bbno\u00a0\u00bb][vc_column][layerslider_vc id=\u00a0\u00bb15&Prime;][\/vc_column][\/vc_row][vc_row css_animation=\u00a0\u00bb\u00a0\u00bb row_type=\u00a0\u00bbrow\u00a0\u00bb use_row_as_full_screen_section=\u00a0\u00bbno\u00a0\u00bb type=\u00a0\u00bbgrid\u00a0\u00bb anchor=\u00a0\u00bbmissions\u00a0\u00bb angled_section=\u00a0\u00bbno\u00a0\u00bb text_align=\u00a0\u00bbleft\u00a0\u00bb background_image_as_pattern=\u00a0\u00bbwithout_pattern\u00a0\u00bb z_index=\u00a0\u00bb\u00a0\u00bb][vc_column][vc_empty_space][vc_column_text] PR\u00caT \u00c0 EXPLORER LE PALAIS? Bienvenue au Palais Ksar Said! Avant de passer la porte d&rsquo;entr\u00e9e, vous devez choisir une mission. Il y a cinq missions diff\u00e9rentes. Les missions devraient&#8230;<\/p>\n","protected":false},"author":2,"featured_media":0,"parent":0,"menu_order":0,"comment_status":"closed","ping_status":"closed","template":"full_width.php","meta":{"footnotes":""},"class_list":["post-12","page","type-page","status-publish","hentry"],"_links":{"self":[{"href":"https:\/\/ksarsaid.net\/fr\/wp-json\/wp\/v2\/pages\/12","targetHints":{"allow":["GET"]}}],"collection":[{"href":"https:\/\/ksarsaid.net\/fr\/wp-json\/wp\/v2\/pages"}],"about":[{"href":"https:\/\/ksarsaid.net\/fr\/wp-json\/wp\/v2\/types\/page"}],"author":[{"embeddable":true,"href":"https:\/\/ksarsaid.net\/fr\/wp-json\/wp\/v2\/users\/2"}],"replies":[{"embeddable":true,"href":"https:\/\/ksarsaid.net\/fr\/wp-json\/wp\/v2\/comments?post=12"}],"version-history":[{"count":136,"href":"https:\/\/ksarsaid.net\/fr\/wp-json\/wp\/v2\/pages\/12\/revisions"}],"predecessor-version":[{"id":1210,"href":"https:\/\/ksarsaid.net\/fr\/wp-json\/wp\/v2\/pages\/12\/revisions\/1210"}],"wp:attachment":[{"href":"https:\/\/ksarsaid.net\/fr\/wp-json\/wp\/v2\/media?parent=12"}],"curies":[{"name":"wp","href":"https:\/\/api.w.org\/{rel}","templated":true}]}}