{"id":2,"date":"2017-09-18T16:59:12","date_gmt":"2017-09-18T16:59:12","guid":{"rendered":"http:\/\/net\/ksarsaid\/?page_id=2"},"modified":"2018-04-09T12:16:28","modified_gmt":"2018-04-09T11:16:28","slug":"about-the-project","status":"publish","type":"page","link":"https:\/\/ksarsaid.net\/fr\/about-the-project\/","title":{"rendered":"About"},"content":{"rendered":"<div class=\"wpb-content-wrapper\"><p>[vc_row css_animation=\u00a0\u00bb\u00a0\u00bb row_type=\u00a0\u00bbrow\u00a0\u00bb use_row_as_full_screen_section=\u00a0\u00bbno\u00a0\u00bb type=\u00a0\u00bbfull_width\u00a0\u00bb angled_section=\u00a0\u00bbno\u00a0\u00bb text_align=\u00a0\u00bbleft\u00a0\u00bb background_image_as_pattern=\u00a0\u00bbwithout_pattern\u00a0\u00bb][vc_column][vc_column_text]<\/p>\n<p style=\"text-align: left;\">Le palais Ksar Sa\u00efd est un ancien palais tunisien en be\u00efl situ\u00e9 dans le Bardo, \u00e0 la p\u00e9riph\u00e9rie de Tunis. La Virtual Experience Company et l\u2019Universit\u00e9 de Cambridge ont d\u00e9velopp\u00e9 ce mod\u00e8le interactif du palais, qui est li\u00e9 \u00e0 un programme \u00e9ducatif sur le Palais et son r\u00f4le dans le patrimoine culturel de la Tunisie.<\/p>\n<p style=\"text-align: left;\">Le projet est financ\u00e9 par le Fonds de Protection Culturelle du British Council<\/p>\n<p style=\"text-align: left;\">Le Fonds de protection culturelle a \u00e9t\u00e9 lanc\u00e9 en juin 2016 par le British Council en partenariat avec le D\u00e9partement pour le num\u00e9rique, la culture, les m\u00e9dias et le sport. Le fonds de 30 millions de livres est mis en place pour prot\u00e9ger le patrimoine culturel \u00e0 l\u2019\u00e9tranger \u00e0 risque en raison du conflit.<\/p>\n<p style=\"text-align: left;\">Nos remerciements vont \u00e9galement \u00e0 la Fondation Rambourg et \u00e0 l\u2019Institut National du Patrimoine pour leur soutien inestimable dans le d\u00e9veloppement de ce projet.<\/p>\n<h3 style=\"text-align: left;\">Cr\u00e9dits<\/h3>\n<p style=\"text-align: left;\"><strong>Conception et gestion de projet:<\/strong> Virtual Experience Company Ltd<\/p>\n<p style=\"text-align: left;\"><strong>Contenu de l\u2019\u00e9ducation:<\/strong> Dr Mark Winterbottom, Universit\u00e9 de Cambridge; Dr Paola Di Giuseppantonio Di Franco, Universit\u00e9 de Cambridge<\/p>\n<p style=\"text-align: left;\"><strong>Directeur technique:<\/strong> Dr Fabrizio Galeazzi<\/p>\n<p style=\"text-align: left;\"><strong>Conception de site Web:<\/strong> Open Eye Media<\/p>\n<p style=\"text-align: left;\"><strong>Consultation historique:<\/strong> Mme Sonia Slim, Institut national du patrimoine, Tunisie; Chihaoui Mohamed Aymen, Institut national du patrimoine, Tunisie<\/p>\n<p style=\"text-align: left;\"><strong>Soutien logistique:<\/strong> Fondation Rambourg Tunisie<\/p>\n<p style=\"text-align: left;\">Nos remerciements vont \u00e9galement \u00e0 la direction et au personnel du Palais Ksar Said pour leur soutien g\u00e9n\u00e9reux et enthousiaste; \u00e0 Marco di Ioia pour le support technique; \u00e0 Younes Hafidi pour son aide avec les \u00e9l\u00e9ments de la langue amazighe; \u00e0 Imed.Belkhodja au British Council, en Tunisie.<\/p>\n<p style=\"text-align: left;\">Enfin, nos sinc\u00e8res remerciements vont aux nombreuses personnes merveilleuses que nous avons rencontr\u00e9es lors de nos voyages en Tunisie pour leur chaleur et leur hospitalit\u00e9.<\/p>\n<p>[\/vc_column_text][vc_empty_space][\/vc_column][\/vc_row]<\/p>\n<\/div>","protected":false},"excerpt":{"rendered":"<p>[vc_row css_animation=\u00a0\u00bb\u00a0\u00bb row_type=\u00a0\u00bbrow\u00a0\u00bb use_row_as_full_screen_section=\u00a0\u00bbno\u00a0\u00bb type=\u00a0\u00bbfull_width\u00a0\u00bb angled_section=\u00a0\u00bbno\u00a0\u00bb text_align=\u00a0\u00bbleft\u00a0\u00bb background_image_as_pattern=\u00a0\u00bbwithout_pattern\u00a0\u00bb][vc_column][vc_column_text] Le palais Ksar Sa\u00efd est un ancien palais tunisien en be\u00efl situ\u00e9 dans le Bardo, \u00e0 la p\u00e9riph\u00e9rie de Tunis. La Virtual Experience Company et l\u2019Universit\u00e9 de Cambridge ont d\u00e9velopp\u00e9 ce mod\u00e8le interactif du palais, qui est&#8230;<\/p>\n","protected":false},"author":2,"featured_media":0,"parent":0,"menu_order":0,"comment_status":"open","ping_status":"open","template":"","meta":{"footnotes":""},"class_list":["post-2","page","type-page","status-publish","hentry"],"_links":{"self":[{"href":"https:\/\/ksarsaid.net\/fr\/wp-json\/wp\/v2\/pages\/2","targetHints":{"allow":["GET"]}}],"collection":[{"href":"https:\/\/ksarsaid.net\/fr\/wp-json\/wp\/v2\/pages"}],"about":[{"href":"https:\/\/ksarsaid.net\/fr\/wp-json\/wp\/v2\/types\/page"}],"author":[{"embeddable":true,"href":"https:\/\/ksarsaid.net\/fr\/wp-json\/wp\/v2\/users\/2"}],"replies":[{"embeddable":true,"href":"https:\/\/ksarsaid.net\/fr\/wp-json\/wp\/v2\/comments?post=2"}],"version-history":[{"count":12,"href":"https:\/\/ksarsaid.net\/fr\/wp-json\/wp\/v2\/pages\/2\/revisions"}],"predecessor-version":[{"id":1298,"href":"https:\/\/ksarsaid.net\/fr\/wp-json\/wp\/v2\/pages\/2\/revisions\/1298"}],"wp:attachment":[{"href":"https:\/\/ksarsaid.net\/fr\/wp-json\/wp\/v2\/media?parent=2"}],"curies":[{"name":"wp","href":"https:\/\/api.w.org\/{rel}","templated":true}]}}