{"id":26,"date":"2017-10-19T10:37:07","date_gmt":"2017-10-19T09:37:07","guid":{"rendered":"https:\/\/ksarsaid.net\/?page_id=26"},"modified":"2018-02-14T10:50:52","modified_gmt":"2018-02-14T09:50:52","slug":"missions","status":"publish","type":"page","link":"https:\/\/ksarsaid.net\/fr\/missions\/","title":{"rendered":"Missions"},"content":{"rendered":"<div class=\"wpb-content-wrapper\"><p>[vc_row css_animation=\u00a0\u00bb\u00a0\u00bb row_type=\u00a0\u00bbrow\u00a0\u00bb use_row_as_full_screen_section=\u00a0\u00bbno\u00a0\u00bb type=\u00a0\u00bbfull_width\u00a0\u00bb angled_section=\u00a0\u00bbno\u00a0\u00bb text_align=\u00a0\u00bbleft\u00a0\u00bb background_image_as_pattern=\u00a0\u00bbwithout_pattern\u00a0\u00bb][vc_column][vc_column_text]<\/p>\n<p style=\"text-align: left;\">Choisissez une mission pour en savoir plus sur votre patrimoine! Mais soyez pr\u00eat \u00e0 penser. Vous ne pouvez pas terminer les missions \u00e0 moins que vous ne le fassiez<\/p>\n<p>[\/vc_column_text][\/vc_column][\/vc_row][vc_row css_animation=\u00a0\u00bb\u00a0\u00bb row_type=\u00a0\u00bbrow\u00a0\u00bb use_row_as_full_screen_section=\u00a0\u00bbno\u00a0\u00bb type=\u00a0\u00bbfull_width\u00a0\u00bb angled_section=\u00a0\u00bbno\u00a0\u00bb text_align=\u00a0\u00bbleft\u00a0\u00bb background_image_as_pattern=\u00a0\u00bbwithout_pattern\u00a0\u00bb][vc_column][vc_empty_space][\/vc_column][\/vc_row][vc_row css_animation=\u00a0\u00bb\u00a0\u00bb row_type=\u00a0\u00bbrow\u00a0\u00bb use_row_as_full_screen_section=\u00a0\u00bbno\u00a0\u00bb type=\u00a0\u00bbfull_width\u00a0\u00bb angled_section=\u00a0\u00bbno\u00a0\u00bb text_align=\u00a0\u00bbcenter\u00a0\u00bb background_image_as_pattern=\u00a0\u00bbwithout_pattern\u00a0\u00bb z_index=\u00a0\u00bb\u00a0\u00bb][vc_column css_animation=\u00a0\u00bbfadeIn\u00a0\u00bb width=\u00a0\u00bb1\/3&Prime;]<div class=\"qode-image-with-icon-and-text\">\n    <div class=\"qode-iwiat-image-icon-holder\" >\n\t\t\t\t\t<div class=\"qode-iwiat-image\">\n\t\t\t\t<img decoding=\"async\" src=\"https:\/\/ksarsaid.net\/wp-content\/uploads\/2018\/01\/teachers-resources_architecture.jpg\" alt=\"\" \/>\n\t\t\t<\/div>\n\t\t\t\t<div class=\"qode-iwiat-icon-holder\">\n                            <span class=\"qode-icon-holder qode-icon-circle qode-icon-medium\"  >\n                    <i class=\"qode_icon_font_awesome fa fa-question-circle qode-icon-element\" ><\/i>                <\/span>\n            \t\t<\/div>\n\t<\/div>\n\t\t\t<h2 class=\"qode-iwiat-title\">\n\t\t\tArchitecture\t\t<\/h2>\n\t\t\t\t<p class=\"qode-iwiat-text\">\n\t\t\tVous \u00eates-vous d\u00e9j\u00e0 demand\u00e9 \u00e0 quoi ressemblent les b\u00e2timents tunisiens? Choisissez cette mission pour d\u00e9couvrir pourquoi\t\t<\/p>\n\t<\/div><a id=\"mission-button-01\" itemprop=\"url\" href=\"\/fr\/missions\/architecture\/\" target=\"_self\"  class=\"qbutton  medium center default\" style=\"\">Prenez cette mission<\/a>[\/vc_column][vc_column css_animation=\u00a0\u00bbfadeIn\u00a0\u00bb width=\u00a0\u00bb1\/3&Prime;]<div class=\"qode-image-with-icon-and-text\">\n    <div class=\"qode-iwiat-image-icon-holder\" >\n\t\t\t\t\t<div class=\"qode-iwiat-image\">\n\t\t\t\t<img decoding=\"async\" src=\"https:\/\/ksarsaid.net\/wp-content\/uploads\/2017\/11\/tile_0006_Pasted-Layer-4.png\" alt=\"\" \/>\n\t\t\t<\/div>\n\t\t\t\t<div class=\"qode-iwiat-icon-holder\">\n                            <span class=\"qode-icon-holder qode-icon-circle qode-icon-medium\"  >\n                    <i class=\"qode_icon_font_awesome fa fa-question-circle qode-icon-element\" ><\/i>                <\/span>\n            \t\t<\/div>\n\t<\/div>\n\t\t\t<h2 class=\"qode-iwiat-title\">\n\t\t\tC\u00c9RAMIQUE\t\t<\/h2>\n\t\t\t\t<p class=\"qode-iwiat-text\">\n\t\t\tLes c\u00e9ramiques tunisiennes sont parmi les plus belles du monde...\t\t<\/p>\n\t<\/div><a id=\"mission-button-02\" itemprop=\"url\" href=\"\/fr\/missions\/ceramics\/\" target=\"_self\"  class=\"qbutton  medium center default\" style=\"\">Prenez cette mission<\/a>[\/vc_column][vc_column css_animation=\u00a0\u00bbfadeIn\u00a0\u00bb width=\u00a0\u00bb1\/3&Prime;]<div class=\"qode-image-with-icon-and-text\">\n    <div class=\"qode-iwiat-image-icon-holder\" >\n\t\t\t\t\t<div class=\"qode-iwiat-image\">\n\t\t\t\t<img decoding=\"async\" src=\"https:\/\/ksarsaid.net\/wp-content\/uploads\/2018\/01\/teachers-resources_food.jpg\" alt=\"\" \/>\n\t\t\t<\/div>\n\t\t\t\t<div class=\"qode-iwiat-icon-holder\">\n                            <span class=\"qode-icon-holder qode-icon-circle qode-icon-medium\"  >\n                    <i class=\"qode_icon_font_awesome fa fa-question-circle qode-icon-element\" ><\/i>                <\/span>\n            \t\t<\/div>\n\t<\/div>\n\t\t\t<h2 class=\"qode-iwiat-title\">\n\t\t\tNOURRITURE\t\t<\/h2>\n\t\t\t\t<p class=\"qode-iwiat-text\">\n\t\t\tDans cette mission, vous d\u00e9couvrirez pourquoi la nourriture tunisienne est si d\u00e9licieuse.\t\t<\/p>\n\t<\/div><a id=\"mission-button-03\" itemprop=\"url\" href=\"\/fr\/missions\/food\/\" target=\"_self\"  class=\"qbutton  medium center default\" style=\"\">Prenez cette mission<\/a>[\/vc_column][\/vc_row][vc_row css_animation=\u00a0\u00bb\u00a0\u00bb row_type=\u00a0\u00bbrow\u00a0\u00bb use_row_as_full_screen_section=\u00a0\u00bbno\u00a0\u00bb type=\u00a0\u00bbfull_width\u00a0\u00bb angled_section=\u00a0\u00bbno\u00a0\u00bb text_align=\u00a0\u00bbleft\u00a0\u00bb background_image_as_pattern=\u00a0\u00bbwithout_pattern\u00a0\u00bb][vc_column][vc_empty_space][\/vc_column][\/vc_row][vc_row css_animation=\u00a0\u00bb\u00a0\u00bb row_type=\u00a0\u00bbrow\u00a0\u00bb use_row_as_full_screen_section=\u00a0\u00bbno\u00a0\u00bb type=\u00a0\u00bbfull_width\u00a0\u00bb angled_section=\u00a0\u00bbno\u00a0\u00bb text_align=\u00a0\u00bbcenter\u00a0\u00bb background_image_as_pattern=\u00a0\u00bbwithout_pattern\u00a0\u00bb z_index=\u00a0\u00bb\u00a0\u00bb][vc_column css_animation=\u00a0\u00bbfadeIn\u00a0\u00bb width=\u00a0\u00bb1\/3&Prime;]<div class=\"qode-image-with-icon-and-text\">\n    <div class=\"qode-iwiat-image-icon-holder\" >\n\t\t\t\t\t<div class=\"qode-iwiat-image\">\n\t\t\t\t<img decoding=\"async\" src=\"https:\/\/ksarsaid.net\/wp-content\/uploads\/2018\/01\/historical-thinking01.jpg\" alt=\"\" \/>\n\t\t\t<\/div>\n\t\t\t\t<div class=\"qode-iwiat-icon-holder\">\n                            <span class=\"qode-icon-holder qode-icon-circle qode-icon-medium\"  >\n                    <i class=\"qode_icon_font_awesome fa fa-question-circle qode-icon-element\" ><\/i>                <\/span>\n            \t\t<\/div>\n\t<\/div>\n\t\t\t<h2 class=\"qode-iwiat-title\">\n\t\t\tLA LANGUE\t\t<\/h2>\n\t\t\t\t<p class=\"qode-iwiat-text\">\n\t\t\tParlez-vous arabe, fran\u00e7ais, italien, turc ou berb\u00e8re? Ou tous les cinq? Vous pourriez \u00eatre surpris de d\u00e9couvrir...\t\t<\/p>\n\t<\/div><a id=\"mission-button-05\" itemprop=\"url\" href=\"\/fr\/missions\/language\/\" target=\"_self\"  class=\"qbutton  medium center default\" style=\"\">Prenez cette mission<\/a>[\/vc_column][vc_column css_animation=\u00a0\u00bbfadeIn\u00a0\u00bb width=\u00a0\u00bb1\/3&Prime;]<div class=\"qode-image-with-icon-and-text\">\n    <div class=\"qode-iwiat-image-icon-holder\" >\n\t\t\t\t\t<div class=\"qode-iwiat-image\">\n\t\t\t\t<img decoding=\"async\" src=\"https:\/\/ksarsaid.net\/wp-content\/uploads\/2018\/01\/historical-thinking05.jpg\" alt=\"\" \/>\n\t\t\t<\/div>\n\t\t\t\t<div class=\"qode-iwiat-icon-holder\">\n                            <span class=\"qode-icon-holder qode-icon-circle qode-icon-medium\"  >\n                    <i class=\"qode_icon_font_awesome fa fa-question-circle qode-icon-element\" ><\/i>                <\/span>\n            \t\t<\/div>\n\t<\/div>\n\t\t\t<h2 class=\"qode-iwiat-title\">\n\t\t\tQUI \u00c9TAIENT LES BEYS?\t\t<\/h2>\n\t\t\t\t<p class=\"qode-iwiat-text\">\n\t\t\tLes Beys ont gouvern\u00e9 la Tunisie pendant les temps ottomans. Mais comment leur r\u00e8gne a-t-il influenc\u00e9 la Tunisie?\t\t<\/p>\n\t<\/div><a id=\"mission-button-04\" itemprop=\"url\" href=\"\/missions\/who-were-the-beys\/\" target=\"_self\"  class=\"qbutton  medium center default\" style=\"\">Prenez cette mission<\/a>[\/vc_column][vc_column width=\u00a0\u00bb1\/3&Prime;][\/vc_column][\/vc_row][vc_row css_animation=\u00a0\u00bb\u00a0\u00bb row_type=\u00a0\u00bbrow\u00a0\u00bb use_row_as_full_screen_section=\u00a0\u00bbno\u00a0\u00bb type=\u00a0\u00bbfull_width\u00a0\u00bb angled_section=\u00a0\u00bbno\u00a0\u00bb text_align=\u00a0\u00bbleft\u00a0\u00bb background_image_as_pattern=\u00a0\u00bbwithout_pattern\u00a0\u00bb][vc_column][vc_empty_space height=\u00a0\u00bb52px\u00a0\u00bb][\/vc_column][\/vc_row]<\/p>\n<\/div>","protected":false},"excerpt":{"rendered":"<p>[vc_row css_animation=\u00a0\u00bb\u00a0\u00bb row_type=\u00a0\u00bbrow\u00a0\u00bb use_row_as_full_screen_section=\u00a0\u00bbno\u00a0\u00bb type=\u00a0\u00bbfull_width\u00a0\u00bb angled_section=\u00a0\u00bbno\u00a0\u00bb text_align=\u00a0\u00bbleft\u00a0\u00bb background_image_as_pattern=\u00a0\u00bbwithout_pattern\u00a0\u00bb][vc_column][vc_column_text] Choisissez une mission pour en savoir plus sur votre patrimoine! Mais soyez pr\u00eat \u00e0 penser. Vous ne pouvez pas terminer les missions \u00e0 moins que vous ne le fassiez [\/vc_column_text][\/vc_column][\/vc_row][vc_row css_animation=\u00a0\u00bb\u00a0\u00bb row_type=\u00a0\u00bbrow\u00a0\u00bb use_row_as_full_screen_section=\u00a0\u00bbno\u00a0\u00bb type=\u00a0\u00bbfull_width\u00a0\u00bb angled_section=\u00a0\u00bbno\u00a0\u00bb text_align=\u00a0\u00bbleft\u00a0\u00bb background_image_as_pattern=\u00a0\u00bbwithout_pattern\u00a0\u00bb][vc_column][vc_empty_space][\/vc_column][\/vc_row][vc_row&#8230;<\/p>\n","protected":false},"author":2,"featured_media":0,"parent":0,"menu_order":0,"comment_status":"closed","ping_status":"closed","template":"","meta":{"footnotes":""},"class_list":["post-26","page","type-page","status-publish","hentry"],"_links":{"self":[{"href":"https:\/\/ksarsaid.net\/fr\/wp-json\/wp\/v2\/pages\/26","targetHints":{"allow":["GET"]}}],"collection":[{"href":"https:\/\/ksarsaid.net\/fr\/wp-json\/wp\/v2\/pages"}],"about":[{"href":"https:\/\/ksarsaid.net\/fr\/wp-json\/wp\/v2\/types\/page"}],"author":[{"embeddable":true,"href":"https:\/\/ksarsaid.net\/fr\/wp-json\/wp\/v2\/users\/2"}],"replies":[{"embeddable":true,"href":"https:\/\/ksarsaid.net\/fr\/wp-json\/wp\/v2\/comments?post=26"}],"version-history":[{"count":30,"href":"https:\/\/ksarsaid.net\/fr\/wp-json\/wp\/v2\/pages\/26\/revisions"}],"predecessor-version":[{"id":1208,"href":"https:\/\/ksarsaid.net\/fr\/wp-json\/wp\/v2\/pages\/26\/revisions\/1208"}],"wp:attachment":[{"href":"https:\/\/ksarsaid.net\/fr\/wp-json\/wp\/v2\/media?parent=26"}],"curies":[{"name":"wp","href":"https:\/\/api.w.org\/{rel}","templated":true}]}}