{"id":36,"date":"2017-10-19T12:12:01","date_gmt":"2017-10-19T11:12:01","guid":{"rendered":"https:\/\/ksarsaid.net\/?page_id=36"},"modified":"2018-04-09T12:31:25","modified_gmt":"2018-04-09T11:31:25","slug":"food","status":"publish","type":"page","link":"https:\/\/ksarsaid.net\/fr\/missions\/food\/","title":{"rendered":"Norriture"},"content":{"rendered":"<div class=\"wpb-content-wrapper\"><p>[vc_row css_animation=\u00a0\u00bb\u00a0\u00bb row_type=\u00a0\u00bbrow\u00a0\u00bb use_row_as_full_screen_section=\u00a0\u00bbno\u00a0\u00bb type=\u00a0\u00bbfull_width\u00a0\u00bb angled_section=\u00a0\u00bbno\u00a0\u00bb text_align=\u00a0\u00bbleft\u00a0\u00bb background_image_as_pattern=\u00a0\u00bbwithout_pattern\u00a0\u00bb][vc_column][vc_empty_space][vc_column_text]<\/p>\n<h2 style=\"text-align: center;\">Pr\u00e9pares Toi!!<\/h2>\n<p style=\"text-align: center;\">Avant de commencer votre mission, prenez un stylo \/ crayon, du papier et <strong>t\u00e9l\u00e9chargez le dossier de la mission<\/strong>:<\/p>\n<p>[\/vc_column_text][vc_empty_space][qode_circles columns=\u00a0\u00bbthree_columns\u00a0\u00bb circle_line=\u00a0\u00bbwith_line\u00a0\u00bb line_color=\u00a0\u00bb#545454&Prime;][qode_circle type=\u00a0\u00bbicon_type\u00a0\u00bb icon=\u00a0\u00bbfa-table\u00a0\u00bb size=\u00a0\u00bbfa-3x\u00a0\u00bb link_target=\u00a0\u00bb_blank\u00a0\u00bb title_tag=\u00a0\u00bbh3&Prime; border_width=\u00a0\u00bb2px\u00a0\u00bb title=\u00a0\u00bbT\u00e9l\u00e9charger le brief de mission\u00a0\u00bb link=\u00a0\u00bb\/wp-content\/uploads\/2018\/03\/Mission-Brief-Food-FR.pdf\u00a0\u00bb][qode_circle type=\u00a0\u00bbicon_type\u00a0\u00bb icon=\u00a0\u00bbfa-pencil\u00a0\u00bb size=\u00a0\u00bbfa-3x\u00a0\u00bb border_width=\u00a0\u00bb2px\u00a0\u00bb title=\u00a0\u00bbStylo \/ Crayon\u00a0\u00bb][qode_circle type=\u00a0\u00bbicon_type\u00a0\u00bb icon=\u00a0\u00bbfa-file\u00a0\u00bb size=\u00a0\u00bbfa-3x\u00a0\u00bb border_width=\u00a0\u00bb2px\u00a0\u00bb title=\u00a0\u00bbPapier\u00a0\u00bb][\/qode_circles][vc_empty_space][vc_column_text]<\/p>\n<h2><strong>Quelle est l\u2019origine de la nourriture tunisienne?<\/strong><\/h2>\n<p>Vous ne le r\u00e9aliser peut-\u00eatre pas, mais \u00a0la nourriture tunisienne est \u00a0tr\u00e8s diff\u00e9rente de la nourriture consomm\u00e9e dans les autres pays arabes. Regardez les hotspots dans le hall d&rsquo;entr\u00e9e et sur le chemin des escaliers. Vous devriez reconna\u00eetre la plupart des aliments en Tunisie. Mais les aliments de \u00a0chaque hotspot sont venus en Tunisie de diff\u00e9rents pays au travers des si\u00e8cles . Cela est du a la venue de \u00a0diff\u00e9rentes peuplade \u00a0et de leurs habitudes \u00a0en Tunisie \u00e0 des periodes \u00a0diff\u00e9rentes.[\/vc_column_text][vc_empty_space][\/vc_column][\/vc_row][vc_row css_animation=\u00a0\u00bb\u00a0\u00bb row_type=\u00a0\u00bbrow\u00a0\u00bb use_row_as_full_screen_section=\u00a0\u00bbno\u00a0\u00bb type=\u00a0\u00bbfull_width\u00a0\u00bb angled_section=\u00a0\u00bbno\u00a0\u00bb text_align=\u00a0\u00bbleft\u00a0\u00bb background_image_as_pattern=\u00a0\u00bbwithout_pattern\u00a0\u00bb][vc_column]<div class='q_icon_with_title tiny normal_icon left_from_title '><div class=\"icon_text_holder\" style=\"\"><div class=\"icon_text_inner\" style=\"\"><div class=\"icon_title_holder\"><div class=\"icon_holder \" style=\" \"><span data-icon-type=\"normal\"   style=\"\" class=\"qode_iwt_icon_holder q_font_awsome_icon fa-lg  \"><i class=\"qode_icon_font_awesome fa fa-pencil qode_iwt_icon_element\" style=\"\" ><\/i><\/span><\/div><h2 class=\"icon_title\" style=\"\">T\u00c2CHE<\/h2><\/div>[vc_separator type=\"small\" position=\"left\" color=\"\" thickness=\"2\" width=\"150\" up=\"0\" down=\"15\"]<p style=''>Regardez les aliments dans chaque hotspot. Utilisez l'indice dans chaque hotspot pour savoir qui les a apport\u00e9 en Tunisie.<\/p><\/div><\/div><\/div>[\/vc_column][\/vc_row][vc_row css_animation=\u00a0\u00bb\u00a0\u00bb row_type=\u00a0\u00bbrow\u00a0\u00bb use_row_as_full_screen_section=\u00a0\u00bbno\u00a0\u00bb type=\u00a0\u00bbfull_width\u00a0\u00bb angled_section=\u00a0\u00bbno\u00a0\u00bb text_align=\u00a0\u00bbleft\u00a0\u00bb background_image_as_pattern=\u00a0\u00bbwithout_pattern\u00a0\u00bb][vc_column][vc_empty_space height=\u00a0\u00bb12px\u00a0\u00bb][vc_column_text]<!-- ipanorama begin -->\n<style>\n@import url(\"https:\/\/ksarsaid.net\/wp-content\/plugins\/ipanorama\/lib\/ipanorama.theme.default.css?ver=ipanorama\");\n<\/style>\n<div id=\"ipnrm-data-xc53d-186\" style=\"display:none;\">\n<div id=\"ipnrm-data-scene-xc53d-scene1\">Room 1<\/div>\n<div id=\"ipnrm-data-scene-xc53d-scene1-popover-0\"><div style=\"text-align:center;\"><p>Who brought this food to Tunisia? \/ Qui a apport\u00e9 cette nourriture en Tunisie? \/ \u0645\u0646 \u0627\u0644\u0630\u064a \u062c\u0644\u0628 \u0647\u0630\u0627 \u0627\u0644\u063a\u0630\u0627\u0621 \u0625\u0644\u0649 \u062a\u0648\u0646\u0633\u061f <\/p>\n<img decoding=\"async\" src=\"\/wp-content\/uploads\/2017\/11\/food-hotspot01-baklawa.jpg\" alt=\"Baklava\">\n<button class=\"hotspot-button popmake-571\" id=\"popmake-571\">View more... \/ Afficher plus \/ \u0639\u0631\u0636 \u0627\u0644\u0645\u0632\u064a\u062f<\/button><\/div><\/div>\n<div id=\"ipnrm-data-scene-xc53d-scene1-popover-1\"><div style=\"text-align:center;\"><p style=\"text-align:center;\">Who brought this food to Tunisia? <br>Qui a apport\u00e9 cette nourriture en Tunisie? <br> \u0645\u0646 \u0627\u0644\u0630\u064a \u062c\u0644\u0628 \u0647\u0630\u0627 \u0627\u0644\u063a\u0630\u0627\u0621 \u0625\u0644\u0649 \u062a\u0648\u0646\u0633\u061f <\/p>\n<img decoding=\"async\" src=\"\/wp-content\/uploads\/2018\/01\/Tajine_tunisien.jpg\" alt=\"Tajine Tunisien\">\n<button class=\"hotspot-button popmake-872\" id=\"popmake-872\">View more... \/ Afficher plus \/ \u0639\u0631\u0636 \u0627\u0644\u0645\u0632\u064a\u062f<\/button><\/div><\/div>\n<div id=\"ipnrm-data-scene-xc53d-scene1-popover-2\"><\/div>\n<div id=\"ipnrm-data-scene-xc53d-scene2\">Room 2<\/div>\n<div id=\"ipnrm-data-scene-xc53d-scene2-popover-0\"><div style=\"text-align:center;\"><p><strong>Who ate these foods in Tunisia? \/ Qui a mang\u00e9 ces aliments en Tunisie? \/ \u0645\u0646 \u0643\u0627\u0646 \u064a\u062a\u0646\u0627\u0648\u0644 \u0647\u0630\u0647 \u0627\u0644\u0623\u0637\u0639\u0645\u0629 \u0641\u064a \u062a\u0648\u0646\u0633\u061f<\/strong><\/p>\n<img decoding=\"async\" src=\"\/wp-content\/uploads\/2018\/01\/AN00036541_001_l.jpg\" alt=\"\">\n<button class=\"hotspot-button popmake-893\" id=\"popmake-893\">View more... \/ Afficher plus \/ \u0639\u0631\u0636 \u0627\u0644\u0645\u0632\u064a\u062f<\/button><\/div><\/div>\n<div id=\"ipnrm-data-scene-xc53d-scene2-popover-1\"><\/div>\n<div id=\"ipnrm-data-scene-xc53d-scene2-popover-2\"><div style=\"text-align:center;\"><p><strong>Who ate these foods in Tunisia? \/ Qui a mang\u00e9 ces aliments en Tunisie? \/ \u0645\u0646 \u0643\u0627\u0646 \u064a\u062a\u0646\u0627\u0648\u0644 \u0647\u0630\u0647 \u0627\u0644\u0623\u0637\u0639\u0645\u0629 \u0641\u064a \u062a\u0648\u0646\u0633\u061f<\/strong><\/p>\n<img decoding=\"async\" src=\"\/wp-content\/uploads\/2018\/01\/Bardo_Mosaic_-_Bottle_and_Cup.jpg\" alt=\"\">\n<button class=\"hotspot-button popmake-1153\" id=\"popmake-1153\">View more... \/ Afficher plus \/ \u0639\u0631\u0636 \u0627\u0644\u0645\u0632\u064a\u062f<\/button><\/div><\/div>\n<div id=\"ipnrm-data-scene-xc53d-scene2-popover-3\"><div style=\"text-align:center;\"><p><strong>What Berber food do we eat today? \/ Quelle nourriture berb\u00e8re mangeons-nous aujourd'hui? \/ \u0645\u0627 \u0647\u064a \u0623\u0646\u0648\u0627\u0639 \u0627\u0644\u0645\u0623\u0643\u0648\u0644\u0627\u062a \u0627\u0644\u0628\u0631\u0628\u0631\u064a\u0629 \u0627\u0644\u062a\u064a \u0646\u0623\u0643\u0644\u0647\u0627 \u0627\u0644\u064a\u0648\u0645\u061f<\/strong><\/p>\n<img decoding=\"async\" src=\"\/wp-content\/uploads\/2018\/01\/1024px-Four_tabouna_Kairouan.jpg\" alt=\"\" width=\"100\"><br>\n<button class=\"hotspot-button popmake-1156\" id=\"popmake-1156\">View more... \/ Afficher plus \/ \u0639\u0631\u0636 \u0627\u0644\u0645\u0632\u064a\u062f<\/button><\/div><\/div>\n<div id=\"ipnrm-data-scene-xc53d-scene2-popover-4\"><\/div>\n<div id=\"ipnrm-data-scene-xc53d-scene3\">Room 3<\/div>\n<div id=\"ipnrm-data-scene-xc53d-scene3-popover-0\"><div style=\"text-align:center;\"><p><strong>Who influenced these foods in Tunisia? \/ Qui a influenc\u00e9 ces aliments en Tunisie? \/ \u0645\u0646 \u0627\u0644\u0630\u064a \u0623\u062b\u0631 \u0639\u0644\u0649 \u0647\u0630\u0647 \u0627\u0644\u0623\u0637\u0639\u0645\u0629 \u0641\u064a \u062a\u0648\u0646\u0633\u061f<\/strong><\/p>\n<img decoding=\"async\" src=\"\/wp-content\/uploads\/2018\/02\/Baguette_1.jpg\" alt=\"\" width=\"100\"><br>\n<button class=\"hotspot-button popmake-1163\" id=\"popmake-1163\">View more... \/ Afficher plus \/ \u0639\u0631\u0636 \u0627\u0644\u0645\u0632\u064a\u062f<\/button><\/div><\/div>\n<div id=\"ipnrm-data-scene-xc53d-scene3-popover-1\"><div style=\"text-align:center;\"><p><strong> Which foods are associated with Tunisian Jews? \/ Quels aliments sont associ\u00e9s aux Juifs tunisiens? \/ \u0645\u0627 \u0647\u064a \u0627\u0644\u0623\u0637\u0639\u0645\u0629 \u0627\u0644\u062a\u064a \u062a\u0631\u062a\u0628\u0637 \u0628\u064a\u0647\u0648\u062f \u062a\u0648\u0646\u0633\u061f <\/strong><\/p>\n<img decoding=\"async\" src=\"\/wp-content\/uploads\/2018\/02\/Panse_de_mouton_farcie_Blida_Alge\u0301rie.jpg\" alt=\"\" width=\"100\"><br>\n<button class=\"hotspot-button popmake-1169\" id=\"popmake-1169\">View more... \/ Afficher plus \/ \u0639\u0631\u0636 \u0627\u0644\u0645\u0632\u064a\u062f<\/button><\/div><\/div>\n<div id=\"ipnrm-data-scene-xc53d-scene3-popover-2\"><\/div>\n<div id=\"ipnrm-data-scene-xc53d-scene3-popover-3\"><\/div>\n<div id=\"ipnrm-data-scene-xc53d-scene4\">Room 4<\/div>\n<div id=\"ipnrm-data-scene-xc53d-scene4-popover-0\"><div style=\"text-align:center;\"><p><strong>Foods from the Arabs, in the Muslim conquest and from Andalusia \/ Aliments des Arabes pendant  la conqu\u00eate musulmane et d'Andalousie? \/ \u0645\u0627\u0647\u064a \u0627\u0644\u0623\u0637\u0639\u0645\u0629 \u0627\u0644\u062a\u064a \u062c\u0627\u0621\u062a \u0645\u0639 \u0627\u0644\u0639\u0631\u0628 \u0641\u064a \u0627\u0644\u0641\u062a\u062d \u0627\u0644\u0625\u0633\u0644\u0627\u0645\u064a \u0648\u0645\u0639 \u0627\u0644\u062d\u0636\u0627\u0631\u0629 \u0627\u0644\u0623\u0646\u062f\u0644\u0633\u064a\u0629<\/strong><\/p>\n<img decoding=\"async\" src=\"\/wp-content\/uploads\/2018\/02\/IMG_3950_preview.jpeg\" alt=\"\" width=\"100\"><br>\n<button class=\"hotspot-button popmake-1177\" id=\"popmake-1177\">View more... \/ Afficher plus \/ \u0639\u0631\u0636 \u0627\u0644\u0645\u0632\u064a\u062f<\/button><\/div><\/div>\n<div id=\"ipnrm-data-scene-xc53d-scene4-popover-1\"><\/div>\n<\/div>\n<div id=\"ipnrm-xc53d-186\" style=\"width:auto;height:440px;\"><\/div>\n<script type=\"text\/javascript\">\njQuery( document ).ready(function( jQuery ) {\njQuery( \"#ipnrm-xc53d-186\" ).ipanorama({\ntheme: \"ipnrm-theme-default\",\nautoLoad: true,\nautoRotate: false,\nautoRotateSpeed: 0.001,\nautoRotateInactivityDelay: 3000,\nmouseWheelPreventDefault: true,\nmouseWheelRotate: false,\nmouseWheelRotateCoef: 0.2,\nmouseWheelZoom: false,\nmouseWheelZoomCoef: 0.05,\nhoverGrab: false,\nhoverGrabYawCoef: 20,\nhoverGrabPitchCoef: 20,\ngrab: true,\ngrabCoef: 0.1,\nshowControlsOnHover: true,\nshowSceneThumbsCtrl: false,\nshowSceneMenuCtrl: false,\nshowSceneNextPrevCtrl: true,\nshowShareCtrl: false,\nshowZoomCtrl: true,\nshowFullscreenCtrl: true,\nshowAutoRotateCtrl: false,\nsceneThumbsVertical: true,\nsceneThumbsStatic: false,\ntitle: true,\ncompass: false,\nkeyboardNav: true,\nkeyboardZoom: true,\nsceneNextPrevLoop: false,\npopover: true,\npopoverPlacement: \"top\",\npopoverShowTrigger: \"hover\",\npopoverHideTrigger: \"leave\",\nhotSpotBelowPopover: true,\npitchLimits: false,\npitchLimitsTop: 0,\npitchLimitsBottom: 0,\nmobile: false,\nsceneFadeDuration: 3000,\nsceneBackgroundLoad: true,\nsceneId: \"scene1\",\nscenes: {\nscene1: {\ntype: \"sphere\",\ncubeTextureCount: \"single\",\nsphereWidthSegments: 100,\nsphereHeightSegments: 40,\nimage: \"https:\/\/ksarsaid.net\/wp-content\/uploads\/\/2017\/11\/food01.jpg\",\ntitleHtml: false,\ntitleSelector: \"#ipnrm-data-scene-xc53d-scene1\",\nhotSpots: [\n{\nyaw: 190.80841,\npitch: -80,\nclassName: \"hotspot-image\",\nlinkNewWindow: false,\nimageUrl: \"\",\npopoverLazyload: false,\npopoverSelector: \"#ipnrm-data-scene-xc53d-scene1-popover-0\",\npopoverHtml: true,\npopoverShow: false,\n},\n{\nyaw: 185.70566,\npitch: -55,\nclassName: \"hotspot-image\",\nlinkNewWindow: false,\nimageUrl: \"\",\npopoverLazyload: false,\npopoverSelector: \"#ipnrm-data-scene-xc53d-scene1-popover-1\",\npopoverHtml: true,\npopoverShow: false,\n},\n{\nyaw: 182.70566,\npitch: -15,\nsceneId: \"scene2\",\nclassName: \"hotspot-progress\",\nlinkNewWindow: false,\nimageUrl: \"\",\n},\n]\n},\nscene2: {\ntype: \"sphere\",\ncubeTextureCount: \"single\",\nsphereWidthSegments: 100,\nsphereHeightSegments: 40,\nimage: \"https:\/\/ksarsaid.net\/wp-content\/uploads\/\/2017\/11\/food02.jpg\",\ntitleHtml: false,\ntitleSelector: \"#ipnrm-data-scene-xc53d-scene2\",\nhotSpots: [\n{\nyaw: 93.285119496148,\npitch: -45.828258800532,\nclassName: \"hotspot-image\",\nlinkNewWindow: false,\nimageUrl: \"\",\npopoverLazyload: false,\npopoverSelector: \"#ipnrm-data-scene-xc53d-scene2-popover-0\",\npopoverHtml: true,\npopoverShow: false,\n},\n{\nyaw: 358.08653150053,\npitch: -6.8345695779837,\nsceneId: \"scene1\",\nclassName: \"hotspot-progress\",\nlinkNewWindow: false,\nimageUrl: \"\",\n},\n{\nyaw: 91.900406996534,\npitch: -18.996901703089,\nclassName: \"hotspot-image\",\nlinkNewWindow: false,\nimageUrl: \"\",\npopoverLazyload: false,\npopoverSelector: \"#ipnrm-data-scene-xc53d-scene2-popover-2\",\npopoverHtml: true,\npopoverShow: false,\n},\n{\nyaw: 91.02052634625,\npitch: -2.5804153352629,\nclassName: \"hotspot-image\",\nlinkNewWindow: false,\nimageUrl: \"\",\npopoverLazyload: false,\npopoverSelector: \"#ipnrm-data-scene-xc53d-scene2-popover-3\",\npopoverHtml: true,\npopoverShow: false,\n},\n{\nyaw: 90.098058225264,\npitch: 14.254673675841,\nsceneId: \"scene3\",\nclassName: \"hotspot-progress\",\nlinkNewWindow: false,\nimageUrl: \"\",\n},\n]\n},\nscene3: {\ntype: \"sphere\",\ncubeTextureCount: \"single\",\nsphereWidthSegments: 100,\nsphereHeightSegments: 40,\nimage: \"https:\/\/ksarsaid.net\/wp-content\/uploads\/\/2017\/11\/food03.jpg\",\ntitleHtml: false,\ntitleSelector: \"#ipnrm-data-scene-xc53d-scene3\",\nhotSpots: [\n{\nyaw: 177.2514120078,\npitch: -18.806485952752,\nclassName: \"hotspot-image\",\nlinkNewWindow: false,\nimageUrl: \"\",\npopoverLazyload: false,\npopoverSelector: \"#ipnrm-data-scene-xc53d-scene3-popover-0\",\npopoverHtml: true,\npopoverShow: false,\n},\n{\nyaw: 173.72617586813,\npitch: 6.0227190340258,\nclassName: \"hotspot-image\",\nlinkNewWindow: false,\nimageUrl: \"\",\npopoverLazyload: false,\npopoverSelector: \"#ipnrm-data-scene-xc53d-scene3-popover-1\",\npopoverHtml: true,\npopoverShow: false,\n},\n{\nyaw: 91.097089372454,\npitch: -14.888355911225,\nsceneId: \"scene2\",\nclassName: \"hotspot-progress\",\nlinkNewWindow: false,\nimageUrl: \"\",\n},\n{\nyaw: 180.24826021979,\npitch: 25.21452614172,\nsceneId: \"scene4\",\nclassName: \"hotspot-progress\",\nlinkNewWindow: false,\nimageUrl: \"\",\n},\n]\n},\nscene4: {\ntype: \"sphere\",\ncubeTextureCount: \"single\",\nsphereWidthSegments: 100,\nsphereHeightSegments: 40,\nimage: \"https:\/\/ksarsaid.net\/wp-content\/uploads\/\/2017\/11\/food04.jpg\",\ntitleHtml: false,\ntitleSelector: \"#ipnrm-data-scene-xc53d-scene4\",\nhotSpots: [\n{\nyaw: 66.547818986957,\npitch: -59.667372039455,\nclassName: \"hotspot-image\",\nlinkNewWindow: false,\nimageUrl: \"\",\npopoverLazyload: false,\npopoverSelector: \"#ipnrm-data-scene-xc53d-scene4-popover-0\",\npopoverHtml: true,\npopoverShow: false,\n},\n{\nyaw: 1.0634957806952,\npitch: -19.257412500965,\nsceneId: \"scene3\",\nclassName: \"hotspot-progress\",\nlinkNewWindow: false,\nimageUrl: \"\",\n},\n]\n},\n}\n});\n});\n<\/script>\n<!-- ipanorama end -->\n\t\t[\/vc_column_text][vc_empty_space height=\u00a0\u00bb12px\u00a0\u00bb][\/vc_column][\/vc_row][vc_row css_animation=\u00a0\u00bb\u00a0\u00bb row_type=\u00a0\u00bbrow\u00a0\u00bb use_row_as_full_screen_section=\u00a0\u00bbno\u00a0\u00bb type=\u00a0\u00bbfull_width\u00a0\u00bb angled_section=\u00a0\u00bbno\u00a0\u00bb text_align=\u00a0\u00bbleft\u00a0\u00bb background_image_as_pattern=\u00a0\u00bbwithout_pattern\u00a0\u00bb][vc_column][vc_column_text]Dessinez le calendrier affich\u00e9 via le bouton ci-dessous. \u00c9crivez le nom de chaque aliment dans les cases \u00e0 gauche. En utilisant les preuves de chaque hotspot, coloriez les cases pour montrer qui a apport\u00e9 chaque nourriture en Tunisie.[\/vc_column_text][vc_empty_space]\n\n\t<a href=\"#\" target=\"_self\"  class=\"qode-btn qode-btn-medium qode-btn-solid qode-btn-icon popmake-789 qode-btn-with-shadow qode-btn-shadow-hover\"  >\n\t    <span class=\"qode-btn-text\">Copy and complete the timeline<\/span><span class=\"qode-button-v2-icon-holder\"  ><i class=\"qode_icon_font_awesome fa fa-table qode-button-v2-icon-holder-inner\" ><\/i><\/span>\t<\/a>\n\n[vc_empty_space height=\u00a0\u00bb52px\u00a0\u00bb]<div class='q_icon_with_title tiny normal_icon left_from_title '><div class=\"icon_text_holder\" style=\"\"><div class=\"icon_text_inner\" style=\"\"><div class=\"icon_title_holder\"><div class=\"icon_holder \" style=\" \"><span data-icon-type=\"normal\"   style=\"\" class=\"qode_iwt_icon_holder q_font_awsome_icon fa-lg  \"><i class=\"qode_icon_font_awesome fa fa-pencil qode_iwt_icon_element\" style=\"\" ><\/i><\/span><\/div><h2 class=\"icon_title\" style=\"\">T\u00c2CHE<\/h2><\/div>[vc_separator type=\"small\" position=\"left\" color=\"\" thickness=\"2\" width=\"150\" up=\"0\" down=\"15\"]<p style=''>Maintenant, utilisez l'information dans la chronologie pour faire cinq pr\u00e9dictions sur la nourriture en Tunisie. Par exemple, parce que les olives ont \u00e9t\u00e9 cultiv\u00e9es \u00e0 l'\u00e9poque romaine et l'huile d'olive est produite maintenant, vous pouvez pr\u00e9dire que:<\/p><\/div><\/div><\/div>[vc_column_text]<strong>\u00ab\u00a0L&rsquo;huile d&rsquo;olive a \u00e9t\u00e9 fabriqu\u00e9e en Tunisie depuis l&rsquo;\u00e9poque romaine\u00a0\u00bb<\/strong><\/p>\n<p>Vous ne pouvez pas avoir des preuves de chaque \u00e9poque de l&rsquo;histoire tunisienne, mais vous pouvez \u00a0faire \u00a0une pr\u00e9diction raisonnable.<\/p>\n<p>\u00c0 c\u00f4t\u00e9 de chaque pr\u00e9diction, \u00e9crivez les preuves dont vous auriez besoin pour les confirmer.[\/vc_column_text][vc_empty_space height=\u00a0\u00bb52px\u00a0\u00bb]\n\n\t<a href=\"#\" target=\"_self\"  class=\"qode-btn qode-btn-medium qode-btn-solid qode-btn-icon popmake-793 qode-btn-with-shadow qode-btn-shadow-hover\"  >\n\t    <span class=\"qode-btn-text\">Copy and complete the table<\/span><span class=\"qode-button-v2-icon-holder\"  ><i class=\"qode_icon_font_awesome fa fa-table qode-button-v2-icon-holder-inner\" ><\/i><\/span>\t<\/a>\n\n[\/vc_column][\/vc_row][vc_row css_animation=\u00a0\u00bb\u00a0\u00bb row_type=\u00a0\u00bbrow\u00a0\u00bb use_row_as_full_screen_section=\u00a0\u00bbno\u00a0\u00bb type=\u00a0\u00bbfull_width\u00a0\u00bb angled_section=\u00a0\u00bbno\u00a0\u00bb text_align=\u00a0\u00bbleft\u00a0\u00bb background_image_as_pattern=\u00a0\u00bbwithout_pattern\u00a0\u00bb][vc_column][vc_empty_space]<div class='q_icon_with_title tiny normal_icon left_from_title '><div class=\"icon_text_holder\" style=\"\"><div class=\"icon_text_inner\" style=\"\"><div class=\"icon_title_holder\"><div class=\"icon_holder \" style=\" \"><span data-icon-type=\"normal\"   style=\"\" class=\"qode_iwt_icon_holder q_font_awsome_icon fa-lg  \"><i class=\"qode_icon_font_awesome fa fa-pencil qode_iwt_icon_element\" style=\"\" ><\/i><\/span><\/div><h2 class=\"icon_title\" style=\"\">T\u00c2CHE<\/h2><\/div>[vc_separator type=\"small\" position=\"left\" color=\"\" thickness=\"2\" width=\"150\" up=\"0\" down=\"15\"]<p style=''>Concevoir un menu qui inclut la nourriture de chaque peuplade ayant influenc\u00e9 la cuisine tunisienne.<\/p><\/div><\/div><\/div>[layerslider_vc id=\u00a0\u00bb4&Prime;][vc_empty_space][\/vc_column][\/vc_row]<\/p>\n<\/div>","protected":false},"excerpt":{"rendered":"<p>[vc_row css_animation=\u00a0\u00bb\u00a0\u00bb row_type=\u00a0\u00bbrow\u00a0\u00bb use_row_as_full_screen_section=\u00a0\u00bbno\u00a0\u00bb type=\u00a0\u00bbfull_width\u00a0\u00bb angled_section=\u00a0\u00bbno\u00a0\u00bb text_align=\u00a0\u00bbleft\u00a0\u00bb background_image_as_pattern=\u00a0\u00bbwithout_pattern\u00a0\u00bb][vc_column][vc_empty_space][vc_column_text] Pr\u00e9pares Toi!! Avant de commencer votre mission, prenez un stylo \/ crayon, du papier et t\u00e9l\u00e9chargez le dossier de la mission: [\/vc_column_text][vc_empty_space][qode_circles columns=\u00a0\u00bbthree_columns\u00a0\u00bb circle_line=\u00a0\u00bbwith_line\u00a0\u00bb line_color=\u00a0\u00bb#545454&Prime;][qode_circle type=\u00a0\u00bbicon_type\u00a0\u00bb icon=\u00a0\u00bbfa-table\u00a0\u00bb size=\u00a0\u00bbfa-3x\u00a0\u00bb link_target=\u00a0\u00bb_blank\u00a0\u00bb title_tag=\u00a0\u00bbh3&Prime; border_width=\u00a0\u00bb2px\u00a0\u00bb title=\u00a0\u00bbT\u00e9l\u00e9charger le brief de mission\u00a0\u00bb link=\u00a0\u00bb\/wp-content\/uploads\/2018\/03\/Mission-Brief-Food-FR.pdf\u00a0\u00bb][qode_circle&#8230;<\/p>\n","protected":false},"author":2,"featured_media":0,"parent":26,"menu_order":0,"comment_status":"closed","ping_status":"closed","template":"","meta":{"footnotes":""},"class_list":["post-36","page","type-page","status-publish","hentry"],"_links":{"self":[{"href":"https:\/\/ksarsaid.net\/fr\/wp-json\/wp\/v2\/pages\/36","targetHints":{"allow":["GET"]}}],"collection":[{"href":"https:\/\/ksarsaid.net\/fr\/wp-json\/wp\/v2\/pages"}],"about":[{"href":"https:\/\/ksarsaid.net\/fr\/wp-json\/wp\/v2\/types\/page"}],"author":[{"embeddable":true,"href":"https:\/\/ksarsaid.net\/fr\/wp-json\/wp\/v2\/users\/2"}],"replies":[{"embeddable":true,"href":"https:\/\/ksarsaid.net\/fr\/wp-json\/wp\/v2\/comments?post=36"}],"version-history":[{"count":41,"href":"https:\/\/ksarsaid.net\/fr\/wp-json\/wp\/v2\/pages\/36\/revisions"}],"predecessor-version":[{"id":1300,"href":"https:\/\/ksarsaid.net\/fr\/wp-json\/wp\/v2\/pages\/36\/revisions\/1300"}],"up":[{"embeddable":true,"href":"https:\/\/ksarsaid.net\/fr\/wp-json\/wp\/v2\/pages\/26"}],"wp:attachment":[{"href":"https:\/\/ksarsaid.net\/fr\/wp-json\/wp\/v2\/media?parent=36"}],"curies":[{"name":"wp","href":"https:\/\/api.w.org\/{rel}","templated":true}]}}