{"id":46,"date":"2017-10-19T17:17:38","date_gmt":"2017-10-19T16:17:38","guid":{"rendered":"https:\/\/ksarsaid.net\/?page_id=46"},"modified":"2018-04-09T13:21:25","modified_gmt":"2018-04-09T12:21:25","slug":"who-were-the-beys","status":"publish","type":"page","link":"https:\/\/ksarsaid.net\/fr\/missions\/who-were-the-beys\/","title":{"rendered":"Qui \u00e9taient les Beys?"},"content":{"rendered":"<div class=\"wpb-content-wrapper\"><p>[vc_row css_animation=\u00a0\u00bb\u00a0\u00bb row_type=\u00a0\u00bbrow\u00a0\u00bb use_row_as_full_screen_section=\u00a0\u00bbno\u00a0\u00bb type=\u00a0\u00bbgrid\u00a0\u00bb angled_section=\u00a0\u00bbno\u00a0\u00bb text_align=\u00a0\u00bbleft\u00a0\u00bb background_image_as_pattern=\u00a0\u00bbwithout_pattern\u00a0\u00bb z_index=\u00a0\u00bb\u00a0\u00bb][vc_column][vc_empty_space][vc_column_text]<\/p>\n<h2 style=\"text-align: center;\">Pr\u00e9pares Toi!!<\/h2>\n<p style=\"text-align: center;\">Avant de commencer votre mission, prenez un stylo \/ crayon, du papier et <strong>t\u00e9l\u00e9chargez le dossier de la mission<\/strong>:<\/p>\n<p>[\/vc_column_text][vc_empty_space][qode_circles columns=\u00a0\u00bbthree_columns\u00a0\u00bb circle_line=\u00a0\u00bbwith_line\u00a0\u00bb line_color=\u00a0\u00bb#5b5b5b\u00a0\u00bb][qode_circle type=\u00a0\u00bbicon_type\u00a0\u00bb icon=\u00a0\u00bbfa-table\u00a0\u00bb size=\u00a0\u00bbfa-3x\u00a0\u00bb link_target=\u00a0\u00bb_self\u00a0\u00bb title_tag=\u00a0\u00bbh3&Prime; border_width=\u00a0\u00bb2px\u00a0\u00bb title=\u00a0\u00bbT\u00e9l\u00e9charger le brief de mission\u00a0\u00bb link=\u00a0\u00bb\/wp-content\/uploads\/2018\/03\/Mission-Brief\u2013Who-were-the-Beys-FR.pdf\u00a0\u00bb][qode_circle type=\u00a0\u00bbicon_type\u00a0\u00bb icon=\u00a0\u00bbfa-pencil\u00a0\u00bb size=\u00a0\u00bbfa-3x\u00a0\u00bb border_width=\u00a0\u00bb2px\u00a0\u00bb title=\u00a0\u00bbStylo \/ Crayon\u00a0\u00bb][qode_circle type=\u00a0\u00bbicon_type\u00a0\u00bb icon=\u00a0\u00bbfa-file\u00a0\u00bb size=\u00a0\u00bbfa-3x\u00a0\u00bb border_width=\u00a0\u00bb2px\u00a0\u00bb title=\u00a0\u00bbPapier\u00a0\u00bb][\/qode_circles][vc_empty_space][vc_column_text]<\/p>\n<h2><strong>Qu\u2019est ce qu \u00a0les Beys ont fait pour nous?<\/strong><\/h2>\n<p>Les Beys ont gouvern\u00e9 officiellement la Tunisie \u00e0 partir de 1705.<\/p>\n<p>La Tunisie appartenait \u00e0 l&rsquo;Empire Ottoman, mais elle \u00e9tait loin du \u00a0gouvernement central situ\u00e9 en Turquie, ce qui a permis aux Beys de r\u00e9gner presque ind\u00e9pendamment.<\/p>\n<p>Beaucoup de Tunisiens ne connaissent rien sur les Beys. Dans cette mission, nous allons d\u00e9terminer leur importance dans le d\u00e9veloppement de la Tunisie moderne.[\/vc_column_text][vc_empty_space][\/vc_column][\/vc_row][vc_row row_type=\u00a0\u00bbparallax\u00a0\u00bb parallax_content_width=\u00a0\u00bbfull_width\u00a0\u00bb text_align=\u00a0\u00bbleft\u00a0\u00bb full_screen_section_height=\u00a0\u00bbno\u00a0\u00bb css=\u00a0\u00bb.vc_custom_1515082396425{background-color: #ffffff !important;background-position: center !important;background-repeat: no-repeat !important;background-size: cover !important;}\u00a0\u00bb][vc_column css=\u00a0\u00bb.vc_custom_1515082371998{background-color: #ffffff !important;}\u00a0\u00bb][vc_empty_space][vc_single_image image=\u00a0\u00bb600&Prime; img_size=\u00a0\u00bbmedium\u00a0\u00bb alignment=\u00a0\u00bbcenter\u00a0\u00bb onclick=\u00a0\u00bblink_image\u00a0\u00bb qode_css_animation=\u00a0\u00bbelement_from_fade\u00a0\u00bb title=\u00a0\u00bbMeet Ahmed Bey\u00a0\u00bb][vc_empty_space][\/vc_column][\/vc_row][vc_row css_animation=\u00a0\u00bb\u00a0\u00bb row_type=\u00a0\u00bbrow\u00a0\u00bb use_row_as_full_screen_section=\u00a0\u00bbno\u00a0\u00bb type=\u00a0\u00bbgrid\u00a0\u00bb angled_section=\u00a0\u00bbno\u00a0\u00bb text_align=\u00a0\u00bbleft\u00a0\u00bb background_image_as_pattern=\u00a0\u00bbwithout_pattern\u00a0\u00bb z_index=\u00a0\u00bb\u00a0\u00bb][vc_column][vc_column_text]En 1841, Ahmed a ferm\u00e9 les march\u00e9s d&rsquo;esclaves \u00e0 Tunis, lib\u00e9rant tous les esclaves restants en 1846.<\/p>\n<p>C&rsquo;\u00e9tait le premier \u00c9tat Arabe qui a fait l\u2019 abolition du l\u2019esclavage .<\/p>\n<p>Il a \u00e9galement r\u00e9form\u00e9 le gouvernement, \u00e9tabli des \u00e9coles et des h\u00f4pitaux modernes, ainsi qu\u2019un \u00a0syst\u00e8me de secours pour les pauvres.[\/vc_column_text][vc_empty_space]<div class='q_icon_with_title tiny normal_icon left_from_title '><div class=\"icon_text_holder\" style=\"\"><div class=\"icon_text_inner\" style=\"\"><div class=\"icon_title_holder\"><div class=\"icon_holder \" style=\" \"><span data-icon-type=\"normal\"   style=\"\" class=\"qode_iwt_icon_holder q_font_awsome_icon fa-lg  \"><i class=\"qode_icon_font_awesome fa fa-pencil qode_iwt_icon_element\" style=\"\" ><\/i><\/span><\/div><h2 class=\"icon_title\" style=\"\">T\u00c2CHE<\/h2><\/div>[vc_separator type=\"small\" position=\"left\" color=\"\" thickness=\"2\" width=\"150\" up=\"0\" down=\"15\"]<p style=''>Trouvez le hot-spot avec la D\u00e9claration de l'abolition de l'esclavage.<\/p><\/div><\/div><\/div>[\/vc_column][\/vc_row][vc_row css_animation=\u00a0\u00bb\u00a0\u00bb row_type=\u00a0\u00bbrow\u00a0\u00bb use_row_as_full_screen_section=\u00a0\u00bbno\u00a0\u00bb type=\u00a0\u00bbgrid\u00a0\u00bb angled_section=\u00a0\u00bbno\u00a0\u00bb text_align=\u00a0\u00bbleft\u00a0\u00bb background_image_as_pattern=\u00a0\u00bbwithout_pattern\u00a0\u00bb z_index=\u00a0\u00bb\u00a0\u00bb][vc_column][vc_empty_space][vc_column_text]<!-- ipanorama begin -->\n<style>\n@import url(\"https:\/\/ksarsaid.net\/wp-content\/plugins\/ipanorama\/lib\/ipanorama.theme.default.css?ver=ipanorama\");\n<\/style>\n<div id=\"ipnrm-data-m2nns-205\" style=\"display:none;\">\n<div id=\"ipnrm-data-scene-m2nns-scene1-popover-0\"><img decoding=\"async\" src=\"\/wp-content\/uploads\/2017\/12\/3_01.jpg\"><button class=\"hotspot-button popmake-847\" id=\"popmake-847\">View Larger Version \/ Agrandir \/ \u062a\u0643\u0628\u064a\u0631 \u0627\u0644\u0635\u0648\u0631\u0629 <\/button><\/div>\n<div id=\"ipnrm-data-scene-m2nns-scene1-popover-1\"><img decoding=\"async\" src=\"\/wp-content\/uploads\/2018\/01\/5_03.jpg\"><img decoding=\"async\" src=\"\/wp-content\/uploads\/2018\/01\/5_04.jpg\"><button class=\"hotspot-button popmake-852\" id=\"popmake-852\">\u062a\u0643\u0628\u064a\u0631 \u0627\u0644\u0635\u0648\u0631\u0629 <br> View Larger Version <br> Agrandir<\/button><\/div>\n<div id=\"ipnrm-data-scene-m2nns-scene1-popover-2\"><img decoding=\"async\" src=\"\/wp-content\/uploads\/2017\/12\/2_01_preview.jpeg\"><button class=\"hotspot-button popmake-843\" id=\"popmake-843\">\u062a\u0643\u0628\u064a\u0631 \u0627\u0644\u0635\u0648\u0631\u0629 \/ View Larger Version \/ Agrandir<\/button><\/div>\n<\/div>\n<div id=\"ipnrm-m2nns-205\" style=\"width:auto;height:440px;\"><\/div>\n<script type=\"text\/javascript\">\njQuery( document ).ready(function( jQuery ) {\njQuery( \"#ipnrm-m2nns-205\" ).ipanorama({\ntheme: \"ipnrm-theme-default\",\nautoLoad: true,\nautoRotate: false,\nautoRotateSpeed: 0.001,\nautoRotateInactivityDelay: 3000,\nmouseWheelPreventDefault: true,\nmouseWheelRotate: false,\nmouseWheelRotateCoef: 0.2,\nmouseWheelZoom: false,\nmouseWheelZoomCoef: 0.05,\nhoverGrab: false,\nhoverGrabYawCoef: 20,\nhoverGrabPitchCoef: 20,\ngrab: true,\ngrabCoef: 0.1,\nshowControlsOnHover: false,\nshowSceneThumbsCtrl: false,\nshowSceneMenuCtrl: false,\nshowSceneNextPrevCtrl: true,\nshowShareCtrl: false,\nshowZoomCtrl: true,\nshowFullscreenCtrl: true,\nshowAutoRotateCtrl: false,\nsceneThumbsVertical: true,\nsceneThumbsStatic: false,\ntitle: true,\ncompass: false,\nkeyboardNav: false,\nkeyboardZoom: false,\nsceneNextPrevLoop: false,\npopover: true,\npopoverPlacement: \"top\",\npopoverShowTrigger: \"hover\",\npopoverHideTrigger: \"leave\",\nhotSpotBelowPopover: true,\npitchLimits: false,\npitchLimitsTop: 0,\npitchLimitsBottom: 0,\nmobile: false,\nsceneFadeDuration: 3000,\nsceneBackgroundLoad: false,\nsceneId: \"scene1\",\nscenes: {\nscene1: {\ntype: \"sphere\",\ncubeTextureCount: \"single\",\nsphereWidthSegments: 100,\nsphereHeightSegments: 40,\nimage: \"https:\/\/ksarsaid.net\/wp-content\/uploads\/\/2017\/11\/governance-panorama.jpg\",\nhotSpots: [\n{\nyaw: 224.03117750512,\npitch: -19.596106454783,\nclassName: \"hotspot-image\",\nlinkNewWindow: false,\nimageUrl: \"\",\npopoverLazyload: false,\npopoverSelector: \"#ipnrm-data-scene-m2nns-scene1-popover-0\",\npopoverHtml: true,\npopoverShow: false,\n},\n{\nyaw: 279.26941733612,\npitch: -64.88156376121,\nclassName: \"hotspot-image\",\nlinkNewWindow: false,\nimageUrl: \"\",\npopoverLazyload: false,\npopoverSelector: \"#ipnrm-data-scene-m2nns-scene1-popover-1\",\npopoverHtml: true,\npopoverShow: false,\n},\n{\nyaw: 30.494500125108,\npitch: 53.530618542221,\nclassName: \"hotspot-image\",\nlinkNewWindow: false,\nimageUrl: \"\",\npopoverLazyload: false,\npopoverSelector: \"#ipnrm-data-scene-m2nns-scene1-popover-2\",\npopoverHtml: true,\npopoverShow: false,\n},\n]\n},\n}\n});\n});\n<\/script>\n<!-- ipanorama end -->\n\t\t[\/vc_column_text][vc_empty_space][\/vc_column][\/vc_row][vc_row css_animation=\u00a0\u00bb\u00a0\u00bb row_type=\u00a0\u00bbrow\u00a0\u00bb use_row_as_full_screen_section=\u00a0\u00bbno\u00a0\u00bb type=\u00a0\u00bbgrid\u00a0\u00bb angled_section=\u00a0\u00bbno\u00a0\u00bb text_align=\u00a0\u00bbleft\u00a0\u00bb background_image_as_pattern=\u00a0\u00bbwithout_pattern\u00a0\u00bb z_index=\u00a0\u00bb\u00a0\u00bb][vc_column]<div class='q_icon_with_title tiny normal_icon left_from_title '><div class=\"icon_text_holder\" style=\"\"><div class=\"icon_text_inner\" style=\"\"><div class=\"icon_title_holder\"><div class=\"icon_holder \" style=\" \"><span data-icon-type=\"normal\"   style=\"\" class=\"qode_iwt_icon_holder q_font_awsome_icon fa-lg  \"><i class=\"qode_icon_font_awesome fa fa-pencil qode_iwt_icon_element\" style=\"\" ><\/i><\/span><\/div><h2 class=\"icon_title\" style=\"\">T\u00c2CHE<\/h2><\/div>[vc_separator type=\"small\" position=\"left\" color=\"\" thickness=\"2\" width=\"150\" up=\"0\" down=\"15\"]<p style=''> Pourquoi pensez-vous qu'il l'a fait? Essayez d'\u00e9crire vos id\u00e9es, en copiant et compl\u00e9tant le tableau affich\u00e9 via le bouton ci-dessous.<\/p><\/div><\/div><\/div>\n\n\t<a href=\"#\" target=\"_self\"  class=\"qode-btn qode-btn-medium qode-btn-solid qode-btn-icon popmake-831 qode-btn-with-shadow qode-btn-shadow-hover\"  >\n\t    <span class=\"qode-btn-text\">Copier et compl\u00e9ter le tableau<\/span><span class=\"qode-button-v2-icon-holder\"  ><i class=\"qode_icon_font_awesome fa fa-table qode-button-v2-icon-holder-inner\" ><\/i><\/span>\t<\/a>\n\n[vc_empty_space][\/vc_column][\/vc_row][vc_row css_animation=\u00a0\u00bb\u00a0\u00bb row_type=\u00a0\u00bbrow\u00a0\u00bb use_row_as_full_screen_section=\u00a0\u00bbno\u00a0\u00bb type=\u00a0\u00bbgrid\u00a0\u00bb angled_section=\u00a0\u00bbno\u00a0\u00bb text_align=\u00a0\u00bbleft\u00a0\u00bb background_image_as_pattern=\u00a0\u00bbwithout_pattern\u00a0\u00bb z_index=\u00a0\u00bb\u00a0\u00bb][vc_column width=\u00a0\u00bb1\/2&Prime;][vc_single_image image=\u00a0\u00bb627&Prime; img_size=\u00a0\u00bb335&#215;590&Prime; alignment=\u00a0\u00bbright\u00a0\u00bb onclick=\u00a0\u00bblink_image\u00a0\u00bb qode_css_animation=\u00a0\u00bbelement_from_left\u00a0\u00bb][\/vc_column][vc_column css_animation=\u00a0\u00bbfadeIn\u00a0\u00bb width=\u00a0\u00bb1\/2&Prime;][vc_column_text]Ce que nous ne vous avons pas dit auparavant , c&rsquo;est que la m\u00e8re d&rsquo;Ahmed avait \u00e9t\u00e9 une esclave, et cela avait \u00e9t\u00e9 une grande motivation dans sa d\u00e9cision.<\/p>\n<p>Les \u00a0d\u00e9cisions de nos dirigeants sont souvent affect\u00e9es par des \u00e9v\u00e9nements de la vie quotidienne . Par exemple, \u00a0un homme juif, Samuel Sfez a \u00e9t\u00e9 impliqu\u00e9 dans un accident de la route avec un \u00a0musulman. \u00a0Celui-ci \u00a0accusa Samuel d&rsquo;insulter l&rsquo;Islam, et Samuel a \u00e9t\u00e9 d\u00e9capit\u00e9 sous la loi de l&rsquo;\u00e9poque. Cela \u00a0amena Mohammed Bey (Mohammed II, qui succ\u00e9da \u00e0 Ahmed en 1855) \u00e0 publier le Pacte fondamental en 1857.<\/p>\n<p>C&rsquo;\u00e9tait la premi\u00e8re constitution \u00e9crite dans le Monde Arabe.[\/vc_column_text][\/vc_column][\/vc_row][vc_row css_animation=\u00a0\u00bb\u00a0\u00bb row_type=\u00a0\u00bbrow\u00a0\u00bb use_row_as_full_screen_section=\u00a0\u00bbno\u00a0\u00bb type=\u00a0\u00bbgrid\u00a0\u00bb angled_section=\u00a0\u00bbno\u00a0\u00bb text_align=\u00a0\u00bbright\u00a0\u00bb background_image_as_pattern=\u00a0\u00bbwithout_pattern\u00a0\u00bb z_index=\u00a0\u00bb\u00a0\u00bb][vc_column][vc_empty_space]<div class='q_icon_with_title tiny normal_icon left_from_title '><div class=\"icon_text_holder\" style=\"\"><div class=\"icon_text_inner\" style=\"\"><div class=\"icon_title_holder\"><div class=\"icon_holder \" style=\" \"><span data-icon-type=\"normal\"   style=\"\" class=\"qode_iwt_icon_holder q_font_awsome_icon fa-lg  \"><i class=\"qode_icon_font_awesome fa fa-pencil qode_iwt_icon_element\" style=\"\" ><\/i><\/span><\/div><h2 class=\"icon_title\" style=\"\">T\u00c2CHE<\/h2><\/div>[vc_separator type=\"small\" position=\"left\" color=\"\" thickness=\"2\" width=\"150\" up=\"0\" down=\"15\"]<p style=''>Regardez \u00e0 nouveau autour de la pi\u00e8ce. Trouvez le hotspot qui contient le pacte fondamental. Il a chang\u00e9 la loi pour que tout le monde ait:<\/p><\/div><\/div><\/div>[vc_empty_space][vc_column_text]<\/p>\n<ol>\n<li>l&rsquo;\u00e9galit\u00e9 de taxation<\/li>\n<li>la libert\u00e9 religieuse<\/li>\n<li>l&rsquo;\u00e9galit\u00e9 de tous les citoyens devant la loi<\/li>\n<li>le droit de poss\u00e9der des terres et de participer \u00e0 tous les types d&rsquo;activit\u00e9s pour les \u00e9trangers<\/li>\n<\/ol>\n<p>[\/vc_column_text][vc_empty_space]<div class='q_icon_with_title tiny normal_icon left_from_title '><div class=\"icon_text_holder\" style=\"\"><div class=\"icon_text_inner\" style=\"\"><div class=\"icon_title_holder\"><div class=\"icon_holder \" style=\" \"><span data-icon-type=\"normal\"   style=\"\" class=\"qode_iwt_icon_holder q_font_awsome_icon fa-lg  \"><i class=\"qode_icon_font_awesome fa fa-pencil qode_iwt_icon_element\" style=\"\" ><\/i><\/span><\/div><h2 class=\"icon_title\" style=\"\">T\u00c2CHE<\/h2><\/div>[vc_separator type=\"small\" position=\"left\" color=\"\" thickness=\"2\" width=\"150\" up=\"0\" down=\"15\"]<p style=''>Essayez de lire le pacte, et trouvez les parties qui donnent chacune des libert\u00e9s dans la liste ci-dessus.<\/p><\/div><\/div><\/div>[vc_empty_space][vc_column_text]Quels \u00e9taient les \u00e9v\u00e9nements qui ont amen\u00e9 cette decision? Regardez les faits cl\u00e9s ci-dessous.<\/p>\n<ol>\n<li>Les repr\u00e9sentants locaux britanniques et fran\u00e7ais (L\u00e9on Roches et Richard Wood) avaient d\u00e9j\u00e0 fait pression sur le Bey, Muhammed II, pour qu&rsquo;il accorde la libert\u00e9 religieuse et l&rsquo;\u00e9galit\u00e9 devant la loi. C&rsquo;\u00e9tait principalement pour des raisons commerciales.<\/li>\n<li>L&rsquo;Empire ottoman avait d\u00e9j\u00e0 commenc\u00e9 \u00e0 se r\u00e9former dans cette direction, mais les Beys \u00e9taient semi-ind\u00e9pendants et avaient jusqu&rsquo;\u00e0 pr\u00e9sent refus\u00e9 de le faire.<\/li>\n<li>Les Britanniques et les Fran\u00e7ais mettent plus de pression sur le Bey, en envoyant des navires de guerre dans les ports tunisiens, y compris une escadre fran\u00e7aise dans le port de Tunis.<\/li>\n<li>L&rsquo;un des ministres du Bey \u00e9tait d\u00e9j\u00e0 favorable aux r\u00e9formes et l&rsquo;a encourag\u00e9 \u00e0 signer le Pacte fondamental.<\/li>\n<\/ol>\n<p>[\/vc_column_text][vc_empty_space]<div class='q_icon_with_title tiny normal_icon left_from_title '><div class=\"icon_text_holder\" style=\"\"><div class=\"icon_text_inner\" style=\"\"><div class=\"icon_title_holder\"><div class=\"icon_holder \" style=\" \"><span data-icon-type=\"normal\"   style=\"\" class=\"qode_iwt_icon_holder q_font_awsome_icon fa-lg  \"><i class=\"qode_icon_font_awesome fa fa-pencil qode_iwt_icon_element\" style=\"\" ><\/i><\/span><\/div><h2 class=\"icon_title\" style=\"\">T\u00c2CHE<\/h2><\/div>[vc_separator type=\"small\" position=\"left\" color=\"\" thickness=\"2\" width=\"150\" up=\"0\" down=\"15\"]<p style=''>1. Copiez le diagramme ci-dessous. Utilisez les informations pr\u00e9c\u00e9dentes pour remplir chacune des rubriques. 2. Placez un X dans le triangle pour montrer \u00e0 quel point chacun des facteurs a influenc\u00e9 la d\u00e9cision de Muhammed de publier le pacte fondamental. Par exemple, si vous placez le X plus pr\u00e8s des forces sociales, cela signifie que vous pensez qu'elles sont les plus importantes. 3. \u00c9crivez une courte explication pour votre choix.<\/p><\/div><\/div><\/div>\n\n\t<a href=\"#\" target=\"_self\"  class=\"qode-btn qode-btn-medium qode-btn-solid qode-btn-icon popmake-833 qode-btn-with-shadow qode-btn-shadow-hover\"  >\n\t    <span class=\"qode-btn-text\">Copier et compl\u00e9ter le tableau<\/span><span class=\"qode-button-v2-icon-holder\"  ><i class=\"qode_icon_font_awesome fa fa-table qode-button-v2-icon-holder-inner\" ><\/i><\/span>\t<\/a>\n\n[vc_empty_space][vc_column_text]Muhammed as-Sadiq Bey est devenu le nouveau Bey en 1859 a \u00e9t\u00e9. Il a publi\u00e9 une nouvelle constitution qui a renforc\u00e9 les r\u00e9formes de son pr\u00e9d\u00e9cesseur, et a introduit le \u00a0cabinet gouvernemental. Le sultan turc reconnu \u00a0le droit de gouverner des beys et, en 1871, la Tunisie fonctionnait quasiment comme \u00a0un pays \u00a0ind\u00e9pendant. Le processus de modernisation \u00e9tait bien en cours.<\/p>\n<p>Cependant, la modernisation co\u00fbte cher. Le gouvernement ne g\u00e9rait \u00a0pas bien \u00a0les finances du pays, \u00a0et a contract\u00e9 de plus en plus de pr\u00eats, \u00e0 des taux d&rsquo;int\u00e9r\u00eat tr\u00e8s \u00e9lev\u00e9s pour soutenir la modernisation. Finalement, ils ont manqu\u00e9 d&rsquo;argent, et le pays a \u00e9t\u00e9 d\u00e9clar\u00e9 en faillite en 1869. En 1871, une Commission internationale a pris en charge les finances du pays, mais la situation est \u00a0rest\u00e9e difficile.<\/p>\n<p>Les puissances europ\u00e9ennes \u00e9taient inqui\u00e8tes parce que beaucoup de cr\u00e9anciers (les gens qui devaient de l&rsquo;argent) venaient de France et d&rsquo;Italie. La France a voulu prendre le contr\u00f4le, et a trouv\u00e9 une excuse pour le faire quand une tribu tunisienne a attaqu\u00e9 l&rsquo;Alg\u00e9rie, qu\u2019elle \u00a0contr\u00f4lait. Les Fran\u00e7ais ont contraint Muhammad Bey \u00e0 signer le trait\u00e9 de Ksar Sa\u00efd, faisant de la Tunisie un protectorat de la France.[\/vc_column_text][vc_empty_space height=\u00a0\u00bb42px\u00a0\u00bb][\/vc_column][\/vc_row][vc_row css_animation=\u00a0\u00bb\u00a0\u00bb row_type=\u00a0\u00bbrow\u00a0\u00bb use_row_as_full_screen_section=\u00a0\u00bbno\u00a0\u00bb type=\u00a0\u00bbgrid\u00a0\u00bb angled_section=\u00a0\u00bbno\u00a0\u00bb text_align=\u00a0\u00bbleft\u00a0\u00bb background_image_as_pattern=\u00a0\u00bbwithout_pattern\u00a0\u00bb z_index=\u00a0\u00bb\u00a0\u00bb][vc_column][vc_single_image image=\u00a0\u00bb633&Prime; img_size=\u00a0\u00bblarge\u00a0\u00bb alignment=\u00a0\u00bbcenter\u00a0\u00bb qode_css_animation=\u00a0\u00bbelement_from_left\u00a0\u00bb title=\u00a0\u00bbLe trait\u00e9 de Ksar Sa\u00efd est sign\u00e9 par des repr\u00e9sentants du Bey et du gouvernement fran\u00e7ais.\u00a0\u00bb][vc_empty_space]<div class='q_icon_with_title tiny normal_icon left_from_title '><div class=\"icon_text_holder\" style=\"\"><div class=\"icon_text_inner\" style=\"\"><div class=\"icon_title_holder\"><div class=\"icon_holder \" style=\" \"><span data-icon-type=\"normal\"   style=\"\" class=\"qode_iwt_icon_holder q_font_awsome_icon fa-lg  \"><i class=\"qode_icon_font_awesome fa fa-pencil qode_iwt_icon_element\" style=\"\" ><\/i><\/span><\/div><h2 class=\"icon_title\" style=\"\">T\u00c2CHE<\/h2><\/div>[vc_separator type=\"small\" position=\"left\" color=\"\" thickness=\"2\" width=\"150\" up=\"0\" down=\"15\"]<p style=''>Regardez la photo. Voyez si vous pouvez trouver le trait\u00e9 dans un hotspot. Cela peut vous aider \u00e0 regarder l'image de la pi\u00e8ce o\u00f9 le trait\u00e9 a \u00e9t\u00e9 sign\u00e9:<\/p><\/div><\/div><\/div>[vc_empty_space][\/vc_column][\/vc_row][vc_row css_animation=\u00a0\u00bb\u00a0\u00bb row_type=\u00a0\u00bbrow\u00a0\u00bb use_row_as_full_screen_section=\u00a0\u00bbno\u00a0\u00bb type=\u00a0\u00bbgrid\u00a0\u00bb angled_section=\u00a0\u00bbno\u00a0\u00bb text_align=\u00a0\u00bbleft\u00a0\u00bb background_image_as_pattern=\u00a0\u00bbwithout_pattern\u00a0\u00bb z_index=\u00a0\u00bb\u00a0\u00bb][vc_column width=\u00a0\u00bb1\/2&Prime;][vc_single_image image=\u00a0\u00bb632&Prime; img_size=\u00a0\u00bbmedium\u00a0\u00bb alignment=\u00a0\u00bbcenter\u00a0\u00bb qode_css_animation=\u00a0\u00bbelement_from_left\u00a0\u00bb][\/vc_column][vc_column width=\u00a0\u00bb1\/2&Prime;][vc_column_text]Le trait\u00e9 a \u00e9t\u00e9 sign\u00e9 sur la table dans l&rsquo;image ci-dessous:[\/vc_column_text][vc_empty_space][vc_single_image image=\u00a0\u00bb636&Prime; img_size=\u00a0\u00bbmedium\u00a0\u00bb alignment=\u00a0\u00bbcenter\u00a0\u00bb qode_css_animation=\u00a0\u00bb\u00a0\u00bb][\/vc_column][\/vc_row][vc_row css_animation=\u00a0\u00bb\u00a0\u00bb row_type=\u00a0\u00bbrow\u00a0\u00bb use_row_as_full_screen_section=\u00a0\u00bbno\u00a0\u00bb type=\u00a0\u00bbgrid\u00a0\u00bb angled_section=\u00a0\u00bbno\u00a0\u00bb text_align=\u00a0\u00bbleft\u00a0\u00bb background_image_as_pattern=\u00a0\u00bbwithout_pattern\u00a0\u00bb z_index=\u00a0\u00bb\u00a0\u00bb][vc_column][vc_empty_space]<div class='q_icon_with_title tiny normal_icon left_from_title '><div class=\"icon_text_holder\" style=\"\"><div class=\"icon_text_inner\" style=\"\"><div class=\"icon_title_holder\"><div class=\"icon_holder \" style=\" \"><span data-icon-type=\"normal\"   style=\"\" class=\"qode_iwt_icon_holder q_font_awsome_icon fa-lg  \"><i class=\"qode_icon_font_awesome fa fa-pencil qode_iwt_icon_element\" style=\"\" ><\/i><\/span><\/div><h2 class=\"icon_title\" style=\"\">T\u00c2CHE<\/h2><\/div>[vc_separator type=\"small\" position=\"left\" color=\"\" thickness=\"2\" width=\"150\" up=\"0\" down=\"15\"]<p style=''>En utilisant ce que vous savez sur la Tunisie moderne, faites une liste des cons\u00e9quences du Trait\u00e9 de Ksar Sa\u00efd. \u00c0 c\u00f4t\u00e9 de chacune d\u2019elles, \u00e9crivez le mot \u00abbon\u00bb, \u00abmauvais\u00bb ou \u00abne peut pas d\u00e9cider\u00bb. Les cons\u00e9quences peuvent \u00eatre aussi simples ou compliqu\u00e9es que vous le souhaitez.<\/p><\/div><\/div><\/div>[vc_empty_space]<div class='q_icon_with_title tiny normal_icon left_from_title '><div class=\"icon_text_holder\" style=\"\"><div class=\"icon_text_inner\" style=\"\"><div class=\"icon_title_holder\"><div class=\"icon_holder \" style=\" \"><span data-icon-type=\"normal\"   style=\"\" class=\"qode_iwt_icon_holder q_font_awsome_icon fa-lg  \"><i class=\"qode_icon_font_awesome fa fa-pencil qode_iwt_icon_element\" style=\"\" ><\/i><\/span><\/div><h2 class=\"icon_title\" style=\"\">T\u00c2CHE<\/h2><\/div>[vc_separator type=\"small\" position=\"left\" color=\"\" thickness=\"2\" width=\"150\" up=\"0\" down=\"15\"]<p style=''>Vous avez probablement r\u00e9alis\u00e9 qu'il y avait de bonnes et de mauvaises cons\u00e9quences sur le contr\u00f4le fran\u00e7ais sur la Tunisie. Mais regarder les cons\u00e9quences est juste une fa\u00e7on de d\u00e9cider si quelque chose est juste. La France ne pourrait pas prendre le pouvoir aujourd'hui, et le gouvernement tunisien ne labandonnerait pas. Pourquoi? Copiez et compl\u00e9tez le tableau avec vos propres id\u00e9es.<\/p><\/div><\/div><\/div>[vc_empty_space]\n\n\t<a href=\"#\" target=\"_self\"  class=\"qode-btn qode-btn-medium qode-btn-solid qode-btn-icon popmake-835 qode-btn-with-shadow qode-btn-shadow-hover\"  >\n\t    <span class=\"qode-btn-text\">Copier et compl\u00e9ter le tableau <\/span><span class=\"qode-button-v2-icon-holder\"  ><i class=\"qode_icon_font_awesome fa fa-table qode-button-v2-icon-holder-inner\" ><\/i><\/span>\t<\/a>\n\n[vc_empty_space][\/vc_column][\/vc_row]<\/p>\n<\/div>","protected":false},"excerpt":{"rendered":"<p>[vc_row css_animation=\u00a0\u00bb\u00a0\u00bb row_type=\u00a0\u00bbrow\u00a0\u00bb use_row_as_full_screen_section=\u00a0\u00bbno\u00a0\u00bb type=\u00a0\u00bbgrid\u00a0\u00bb angled_section=\u00a0\u00bbno\u00a0\u00bb text_align=\u00a0\u00bbleft\u00a0\u00bb background_image_as_pattern=\u00a0\u00bbwithout_pattern\u00a0\u00bb z_index=\u00a0\u00bb\u00a0\u00bb][vc_column][vc_empty_space][vc_column_text] Pr\u00e9pares Toi!! Avant de commencer votre mission, prenez un stylo \/ crayon, du papier et t\u00e9l\u00e9chargez le dossier de la mission: [\/vc_column_text][vc_empty_space][qode_circles columns=\u00a0\u00bbthree_columns\u00a0\u00bb circle_line=\u00a0\u00bbwith_line\u00a0\u00bb line_color=\u00a0\u00bb#5b5b5b\u00a0\u00bb][qode_circle type=\u00a0\u00bbicon_type\u00a0\u00bb icon=\u00a0\u00bbfa-table\u00a0\u00bb size=\u00a0\u00bbfa-3x\u00a0\u00bb link_target=\u00a0\u00bb_self\u00a0\u00bb title_tag=\u00a0\u00bbh3&Prime; border_width=\u00a0\u00bb2px\u00a0\u00bb title=\u00a0\u00bbT\u00e9l\u00e9charger le brief de mission\u00a0\u00bb&#8230;<\/p>\n","protected":false},"author":2,"featured_media":0,"parent":26,"menu_order":0,"comment_status":"closed","ping_status":"closed","template":"full_width.php","meta":{"footnotes":""},"class_list":["post-46","page","type-page","status-publish","hentry"],"_links":{"self":[{"href":"https:\/\/ksarsaid.net\/fr\/wp-json\/wp\/v2\/pages\/46","targetHints":{"allow":["GET"]}}],"collection":[{"href":"https:\/\/ksarsaid.net\/fr\/wp-json\/wp\/v2\/pages"}],"about":[{"href":"https:\/\/ksarsaid.net\/fr\/wp-json\/wp\/v2\/types\/page"}],"author":[{"embeddable":true,"href":"https:\/\/ksarsaid.net\/fr\/wp-json\/wp\/v2\/users\/2"}],"replies":[{"embeddable":true,"href":"https:\/\/ksarsaid.net\/fr\/wp-json\/wp\/v2\/comments?post=46"}],"version-history":[{"count":71,"href":"https:\/\/ksarsaid.net\/fr\/wp-json\/wp\/v2\/pages\/46\/revisions"}],"predecessor-version":[{"id":1303,"href":"https:\/\/ksarsaid.net\/fr\/wp-json\/wp\/v2\/pages\/46\/revisions\/1303"}],"up":[{"embeddable":true,"href":"https:\/\/ksarsaid.net\/fr\/wp-json\/wp\/v2\/pages\/26"}],"wp:attachment":[{"href":"https:\/\/ksarsaid.net\/fr\/wp-json\/wp\/v2\/media?parent=46"}],"curies":[{"name":"wp","href":"https:\/\/api.w.org\/{rel}","templated":true}]}}